{"id":651,"date":"2020-07-09T12:18:05","date_gmt":"2020-07-09T12:18:05","guid":{"rendered":"https:\/\/www.cimalawgroup.com\/?page_id=651"},"modified":"2025-03-19T05:57:21","modified_gmt":"2025-03-19T05:57:21","slug":"voluntary-departure","status":"publish","type":"page","link":"https:\/\/www.cimalawgroup.com\/es\/immigration-attorney-phoenix\/voluntary-departure\/","title":{"rendered":"SALIDA VOLUNTARIA"},"content":{"rendered":"<div class=\"family_immi\">\n<div class=\"family_left\">\n<img decoding=\"async\" src=\"https:\/\/www.cimalawgroup.com\/wp-content\/uploads\/2020\/07\/immigration-icon.png\" alt=\"\" width=\"161\" height=\"161\" class=\"alignnone size-full wp-image-124\" \/><\/p>\n<h2>Inmigraci\u00f3n<\/h2>\n<\/div>\n<div class=\"family_right\">\n<h3>EL OBJETIVO PRINCIPAL DE NUESTRA FIRMA ES PROPORCIONAR REPRESENTACI\u00d3N AGRESIVA Y EXPERTA LEGAL CON INTEGRIDAD EN LOS SIGUIENTES ASUNTOS:<\/h3>\n<\/div>\n<\/div>\n<div class=\"family_immi2 immi_pages\">\n<h1 class=\"family_bold\">SALIDA VOLUNTARIA<\/h1>\n<h4>VENTAJAS Y DESVENTAJAS DE LA SALIDA VOLUNTARIA<\/h4>\n<p>Las personas que han sido detenidas por el Oficiales de Inmigraci\u00f3n (ICE) y se enfrentan a un proceso de deportaci\u00f3n, pueden optar por elegir la Salida Voluntaria.<\/p>\n<h4>Las ventajas de la Salida Voluntaria incluyen:<\/h4>\n<ul>\n<li>-Liberaci\u00f3n de detenci\u00f3n\/evitaci\u00f3n de detenci\u00f3n <\/li>\n<li>-La posibilidad de solicitar la residencia permanente, si es elegible, en una fecha posterior <\/li>\n<li>-Salida por su cuenta, dentro de un plazo determinado, seg\u00fan lo determine la corte<\/li>\n<\/ul>\n<h4>PELIGROS DE LA SALIDA VOLUNTARIA<\/h4>\n<p>Los extranjeros que han sido detenidos por ICE pueden ser presionados para firmar un documento de salida voluntaria sin ninguna explicaci\u00f3n o conocimiento sobre el documento que est\u00e1n firmando. No firme nada hasta que se ponga en contacto con CIMALawGroup. \u00a1Podemos brindarle una defensa legal que le permita permanecer en el pa\u00eds legalmente!<\/p>\n<h4>CU\u00c1NDO SOLICITAR LA SALIDA VOLUNTARIA<\/h4>\n<p>La Salida Voluntaria est\u00e1 disponible para los extranjeros antes de la conclusi\u00f3n de las audiencias de deportaci\u00f3n\/remoci\u00f3n, y al final de las audiencias de remoci\u00f3n.<\/p>\n<h4>SALIDA VOLUNTARIA PRE-CONCLUSI\u00d3N<\/h4>\n<p>Una vez que ICE alega que un extranjero ha violado las leyes de inmigraci\u00f3n, a esa persona generalmente se le entregar\u00e1 un documento de cobro llamado Aviso de Comparecencia (NTA). La NTA le ordenar\u00e1 presentarse ante un juez de inmigraci\u00f3n. Justo antes o durante la primera audiencia de la corte de inmigraci\u00f3n del inmigrante, llamada Audiencia del Calendario Maestro, puede solicitar la Salida Voluntaria previa a la conclusi\u00f3n.<\/p>\n<h4>Para ser elegible para la Salida Voluntaria previa a la conclusi\u00f3n, el extranjero debe:<\/h4>\n<ul>\n<li>-Estar de acuerdo en que \u00e9l o ella es removible seg\u00fan los cargos<\/li>\n<li>-No tener condenas por delitos graves con agravantes, ni representar un riesgo de seguridad para los EE.UU.<\/li>\n<li>-Renunciar a todos los derechos de apelaci\u00f3n<\/li>\n<li>-Mostrar evidencia convincente de que \u00e9l o ella tiene los medios financieros para partir<\/li>\n<li>-Retirar o renunciar a todas las dem\u00e1s solicitudes de alivio de la deportaci\u00f3n <\/li>\n<li>-No haber otorgado previamente la Salida Voluntaria despu\u00e9s de haber sido declarado inadmisible bajo ciertas secciones de la Ley de Inmigraci\u00f3n y Nacionalidad <\/li>\n<\/ul>\n<p>Si el juez concede la Salida Voluntaria, el inmigrante no ciudadano debe irse dentro del l\u00edmite de tiempo especificado por el juez de inmigraci\u00f3n, generalmente dentro de los 120 d\u00edas de la Audiencia del Calendario Maestro.<\/p>\n<h4>SALIDA VOLUNTARIA SOLICITADA EN LA CONCLUSI\u00d3N DE PROCEDIMIENTOS DE REMOCI\u00d3N<\/h4>\n<h4>Al concluir el proceso de deportaci\u00f3n, un juez de inmigraci\u00f3n puede otorgar la Salida Voluntaria si determina que: <\/h4>\n<ul>\n<li>-El ciudadano extranjero ha residido f\u00edsicamente en los Estados Unidos continuamente durante el a\u00f1o pasado, justo antes de la fecha en que se entreg\u00f3 la Notificaci\u00f3n de Comparecencia <\/li>\n<li>-El individuo es, y ha sido, de buen car\u00e1cter moral durante 5 a\u00f1os antes de una solicitud de Salida Voluntaria <\/li>\n<li>-El extranjero no ha sido condenado por un delito que cause deportaci\u00f3n, como un delito grave agravado y no es una amenaza para la seguridad del gobierno.<\/li>\n<li>-El inmigrante tiene los medios financieros comprobados para salir del pa\u00eds y pagar\u00e1 un bono de salida voluntario en una cantidad establecida por el juez.<\/li>\n<\/ul>\n<p>Puede ser m\u00e1s dif\u00edcil para usted obtener la Salida Voluntaria al finalizar los procedimientos de remoci\u00f3n, debido a requisitos de elegibilidad m\u00e1s estrictos. Si un juez de inmigraci\u00f3n otorga su solicitud, tiene 60 d\u00edas para salir del pa\u00eds y debe pagar un bono de $500 d\u00f3lares que se le devolver\u00e1 a su salida de los EE. UU. La Salida Voluntaria puede ser una buena o una mala opci\u00f3n, dependiendo de su circunstancias. Por favor no firme nada, incluyendo los documentos de Salida Voluntaria, sin contactarnos primero. Es posible que podamos brindarle alternativas legales para evitar su remoci\u00f3n del pa\u00eds. Haga arreglos para hablar con un abogado de deportaci\u00f3n o un abogado de inmigraci\u00f3n de CIMALawGroup al (623) 377-4191.<\/p>\n<\/div>\n<div class=\"cimcon_form\">\n<h2>SOLICITAR UNA CONSULTA<\/h2>\n<div class=\"line\"><\/div>\n<p class=\"wpcf7-contact-form-not-found\"><strong>Error:<\/strong> Contact form not found.<\/p><\/div>\n","protected":false},"excerpt":{"rendered":"<p>Inmigraci\u00f3n EL OBJETIVO PRINCIPAL DE NUESTRA FIRMA ES PROPORCIONAR REPRESENTACI\u00d3N AGRESIVA Y EXPERTA LEGAL CON INTEGRIDAD EN LOS SIGUIENTES ASUNTOS: SALIDA VOLUNTARIA VENTAJAS Y DESVENTAJAS DE LA SALIDA VOLUNTARIA Las personas que han sido detenidas por el Oficiales de Inmigraci\u00f3n (ICE) y se enfrentan a un proceso de deportaci\u00f3n, pueden optar por elegir la Salida &hellip; <a href=\"https:\/\/www.cimalawgroup.com\/es\/immigration-attorney-phoenix\/voluntary-departure\/\" class=\"more-link\">Continue reading<span class=\"screen-reader-text\"> &#8220;SALIDA VOLUNTARIA&#8221;<\/span><\/a><\/p>\n","protected":false},"author":1,"featured_media":0,"parent":617,"menu_order":0,"comment_status":"closed","ping_status":"closed","template":"template-parts\/spanish.php","meta":{"footnotes":""},"class_list":["post-651","page","type-page","status-publish","hentry"],"translation":{"provider":"WPGlobus","version":"3.0.0","language":"es","enabled_languages":["en","es"],"languages":{"en":{"title":true,"content":true,"excerpt":false},"es":{"title":true,"content":true,"excerpt":false}}},"_links":{"self":[{"href":"https:\/\/www.cimalawgroup.com\/es\/wp-json\/wp\/v2\/pages\/651","targetHints":{"allow":["GET"]}}],"collection":[{"href":"https:\/\/www.cimalawgroup.com\/es\/wp-json\/wp\/v2\/pages"}],"about":[{"href":"https:\/\/www.cimalawgroup.com\/es\/wp-json\/wp\/v2\/types\/page"}],"author":[{"embeddable":true,"href":"https:\/\/www.cimalawgroup.com\/es\/wp-json\/wp\/v2\/users\/1"}],"replies":[{"embeddable":true,"href":"https:\/\/www.cimalawgroup.com\/es\/wp-json\/wp\/v2\/comments?post=651"}],"version-history":[{"count":0,"href":"https:\/\/www.cimalawgroup.com\/es\/wp-json\/wp\/v2\/pages\/651\/revisions"}],"up":[{"embeddable":true,"href":"https:\/\/www.cimalawgroup.com\/es\/wp-json\/wp\/v2\/pages\/617"}],"wp:attachment":[{"href":"https:\/\/www.cimalawgroup.com\/es\/wp-json\/wp\/v2\/media?parent=651"}],"curies":[{"name":"wp","href":"https:\/\/api.w.org\/{rel}","templated":true}]}}