{"id":649,"date":"2020-07-09T12:16:15","date_gmt":"2020-07-09T12:16:15","guid":{"rendered":"https:\/\/www.cimalawgroup.com\/?page_id=649"},"modified":"2025-04-14T12:38:12","modified_gmt":"2025-04-14T12:38:12","slug":"u-visa","status":"publish","type":"page","link":"https:\/\/www.cimalawgroup.com\/es\/immigration-attorney-phoenix\/u-visa\/","title":{"rendered":"V\u00cdCTIMAS DE ACTIVIDAD CRIMINAL (VISA U)"},"content":{"rendered":"<div class=\"family_immi\">\n<div class=\"family_left\">\n<p><img decoding=\"async\" class=\"alignnone size-full wp-image-124\" src=\"https:\/\/www.cimalawgroup.com\/wp-content\/uploads\/2020\/07\/immigration-icon.png\" alt=\"\" width=\"161\" height=\"161\" \/><\/p>\n<h2>Inmigraci\u00f3n<\/h2>\n<\/div>\n<div class=\"family_right\">\n<h3>ABOGADOS DE INMIGRACI\u00d3N VISA U: EL OBJETIVO PRINCIPAL DE NUESTRA FIRMA ES PROPORCIONAR REPRESENTACI\u00d3N AGRESIVA Y EXPERTA LEGAL CON INTEGRIDAD EN LOS SIGUIENTES ASUNTOS:<\/h3>\n<\/div>\n<\/div>\n<div class=\"family_immi2 immi_pages\">\n<h1 class=\"family_bold\">V\u00edctimas de Actividad Criminal (Visa U)<\/h1>\n<p>La Visa U &#8211; No inmigrante- est\u00e1 reservada para las v\u00edctimas de cierta actividad calificada criminal. Esta visa permite que la v\u00edctima contin\u00fae residiendo y trabajando legalmente. Tener la Visa U no es una tarea f\u00e1cil, especialmente cuando ha sido condenado por un cargo criminal de esta categor\u00eda.  Usted puede necesitar la ayuda de un abogado experimentado de inmigraci\u00f3n de Visas Upara ayudarle a obtener la Visa U sin problemas para que pueda seguir adelante con su vida sin remordimientos.<br \/>\nCumplir con el requisito de documentaci\u00f3n para una Visa U es uno de los mayores retos que un solicitante debe superar. Las leyes relativas a la Visa U son muy complejas y s\u00f3lo un abogado de inmigraci\u00f3n especializado en Visa U puede ayudarle a presentar una petici\u00f3n para la visa y asegurarse de que se cumplan todos los requisitos necesarios. Si desea que los antecedentes penales no afecten a su condici\u00f3n de vida, estamos a su servicio. Nuestros abogadossonexpertos y est\u00e1n experimentados en todas las facetas de la ley de inmigraci\u00f3n del pa\u00eds y pueden ayudarle a superar los problemas sin m\u00e1s dolores de cabeza.Entre m\u00e1s tiempo deje pasar, m\u00e1s dif\u00edcil ser\u00e1 obtener la certificaci\u00f3n legal para residir en el pa\u00eds.<br \/>\nLa Visa U fue creada para proporcionar beneficios de inmigraci\u00f3n para las v\u00edctimas de ciertos cr\u00edmenes en los Estados Unidos dentro del l\u00edmite legal.<br \/>\nEl estatus de la Visa U &#8211; No inmigrante est\u00e1 reservado para aquellos que son v\u00edctimas de abuso mental y f\u00edsico que ayudan con la investigaci\u00f3n de la actividad criminal. Es posible que necesite un abogado de inmigraci\u00f3n de Visa U si su problema es similar a esto.<br \/>\nLa Visa U fue creada para fortalecer y enjuiciar casos de violencia dom\u00e9stica, agresi\u00f3n sexual, trata de personas y otros delitos.<\/p>\n<h4>CONTACTE A UN ABOGADO DE INMIGRACI\u00d3N DE VISA U EN PHOENIX. USTED PUEDE SER ELEGIBLE PARA UNA VISA U NO INMIGRANTE SI:<\/h4>\n<ul>\n<li>-Es v\u00edctima de una actividad criminal reportada y\/o ha sufrido abuso f\u00edsico o mental por ser v\u00edctima de actividad f\u00edsica.<\/li>\n<li>-Ha sufrido abuso f\u00edsico o mental sustancial como resultado de haber sido v\u00edctima de una actividad criminal.<\/li>\n<li>-Tiene informaci\u00f3n relacionada con el criminal.<\/li>\n<li>-Ayuda a las autoridades policiacas en la investigaci\u00f3n y enjuiciamiento de dicho crimen.<\/li>\n<li>-El crimen viol\u00f3 las leyes estadounidenses y\/o ocurri\u00f3 en los Estados Unidos.<\/li>\n<li>-Puede entrar a los Estados Unidos. Formulario I-192, Solicitud de Permiso Adelantado para Entrada como No Inmigrante.<\/li>\n<\/ul>\n<p>Si usted es menor de 16 a\u00f1os de edado no puede proporcionar informaci\u00f3n debido a una discapacidad, un tutor puede proporcionar la informaci\u00f3n sobre el delito en su nombre.<\/p>\n<p>Si usted no es admisible, debe comunicarse con un abogado de inmigraci\u00f3n de Visa U para ayudarle a solicitar una exenci\u00f3n en un Formulario I-192, Solicitud de Permiso Anticipado para entrar como no inmigrante.<\/P><\/p>\n<h4>ACTIVIDADES CRIMINALES QUE CALIFICAN:<\/h4>\n<div class=\"section2_immi\">\n<ul>\n<li>-Secuestro<\/li>\n<li>-Contacto Sexual Abusivo<\/li>\n<li>-Chantaje<\/li>\n<li>-Violencia Dom\u00e9stica<\/li>\n<li>-Extorsi\u00f3n<\/li>\n<li>-Falso Encarcelamiento<\/li>\n<li>-Mutilaci\u00f3n Genital Femenina<\/li>\n<li>-Asalto Criminal<\/li>\n<li>-Fraude en la Contrataci\u00f3n Laboral Extranjera<\/li>\n<li>-Reh\u00e9n<\/li>\n<li>-Incesto<\/li>\n<li>-Servidumbre Involuntaria<\/li>\n<li>-Homicidio<\/li>\n<li>-Asesinato<\/li>\n<li>-Obstrucci\u00f3n de Justicia<\/li>\n<li>-Peonaje<\/li>\n<li>-Perjurio<\/li>\n<li>-Prostituci\u00f3n<\/li>\n<li>-Violaci\u00f3n<\/li>\n<li>-Agresi\u00f3n Sexual<\/li>\n<\/ul>\n<ul>\n<li style=\"list-style-type: none;\">\n<ul>\n<li>-Explotaci\u00f3n Sexual<\/li>\n<li>-Trata de Esclavos<\/li>\n<li>-Acechando<\/li>\n<li>-Tortura<\/li>\n<li>-Tr\u00e1fico<\/li>\n<li>-Manipulaci\u00f3n de Testigos<\/li>\n<li>-Restricci\u00f3n Penal Ilegal<\/li>\n<li>-Otros Delitos Relacionados<\/li>\n<\/ul>\n<\/li>\n<\/ul>\n<p>*Incluye cualquier actividad similar en la que los elementos del delito sean sustancialmente similares.<\/p>\n<p>**P\u00f3ngase en contacto con un abogado de inmigraci\u00f3n de Visa Uen Phoenix si incluye cualquier actividad similar donde los elementos del delito son sustancialmente similares.<br \/>\n*Tambi\u00e9n p\u00f3ngase en contacto con un abogado de inmigraci\u00f3n de Visa U si incluye intento, conspiraci\u00f3n o solicitud para cometer cualquiera de los delitos relacionados y anteriores.<\/p>\n<\/div>\n<p>Llame a nuestro equipo de expertos en CIMA LawGroup hoy al (623) 377-4191 para hacer una cita para hablar con un abogado de inmigraci\u00f3n y evaluar su caso.\n<\/p><\/div>\n<div class=\"cimcon_form\">\n<h2>SOLICITAR UNA CONSULTA<\/h2>\n<div class=\"line\"><\/div>\n<p class=\"wpcf7-contact-form-not-found\"><strong>Error:<\/strong> Contact form not found.<\/p>\n<\/div>\n","protected":false},"excerpt":{"rendered":"<p>Inmigraci\u00f3n ABOGADOS DE INMIGRACI\u00d3N VISA U: EL OBJETIVO PRINCIPAL DE NUESTRA FIRMA ES PROPORCIONAR REPRESENTACI\u00d3N AGRESIVA Y EXPERTA LEGAL CON INTEGRIDAD EN LOS SIGUIENTES ASUNTOS: V\u00edctimas de Actividad Criminal (Visa U) La Visa U &#8211; No inmigrante- est\u00e1 reservada para las v\u00edctimas de cierta actividad calificada criminal. Esta visa permite que la v\u00edctima contin\u00fae residiendo &hellip; <a href=\"https:\/\/www.cimalawgroup.com\/es\/immigration-attorney-phoenix\/u-visa\/\" class=\"more-link\">Continue reading<span class=\"screen-reader-text\"> &#8220;V\u00cdCTIMAS DE ACTIVIDAD CRIMINAL (VISA U)&#8221;<\/span><\/a><\/p>\n","protected":false},"author":1,"featured_media":0,"parent":617,"menu_order":0,"comment_status":"closed","ping_status":"closed","template":"template-parts\/spanish.php","meta":{"footnotes":""},"class_list":["post-649","page","type-page","status-publish","hentry"],"translation":{"provider":"WPGlobus","version":"3.0.0","language":"es","enabled_languages":["en","es"],"languages":{"en":{"title":true,"content":true,"excerpt":false},"es":{"title":true,"content":true,"excerpt":false}}},"_links":{"self":[{"href":"https:\/\/www.cimalawgroup.com\/es\/wp-json\/wp\/v2\/pages\/649","targetHints":{"allow":["GET"]}}],"collection":[{"href":"https:\/\/www.cimalawgroup.com\/es\/wp-json\/wp\/v2\/pages"}],"about":[{"href":"https:\/\/www.cimalawgroup.com\/es\/wp-json\/wp\/v2\/types\/page"}],"author":[{"embeddable":true,"href":"https:\/\/www.cimalawgroup.com\/es\/wp-json\/wp\/v2\/users\/1"}],"replies":[{"embeddable":true,"href":"https:\/\/www.cimalawgroup.com\/es\/wp-json\/wp\/v2\/comments?post=649"}],"version-history":[{"count":0,"href":"https:\/\/www.cimalawgroup.com\/es\/wp-json\/wp\/v2\/pages\/649\/revisions"}],"up":[{"embeddable":true,"href":"https:\/\/www.cimalawgroup.com\/es\/wp-json\/wp\/v2\/pages\/617"}],"wp:attachment":[{"href":"https:\/\/www.cimalawgroup.com\/es\/wp-json\/wp\/v2\/media?parent=649"}],"curies":[{"name":"wp","href":"https:\/\/api.w.org\/{rel}","templated":true}]}}