{"id":647,"date":"2020-07-09T12:14:00","date_gmt":"2020-07-09T12:14:00","guid":{"rendered":"https:\/\/www.cimalawgroup.com\/?page_id=647"},"modified":"2021-01-08T07:23:42","modified_gmt":"2021-01-08T07:23:42","slug":"citizenship","status":"publish","type":"page","link":"https:\/\/www.cimalawgroup.com\/es\/immigration-attorney-phoenix\/citizenship\/","title":{"rendered":"CIUDADAN\u00cdA ESTADOUNIDENSE (NATURALIZACI\u00d3N):"},"content":{"rendered":"<div class=\"family_immi\">\n<div class=\"family_left\">\n<img decoding=\"async\" src=\"https:\/\/www.cimalawgroup.com\/wp-content\/uploads\/2020\/07\/immigration-icon.png\" alt=\"\" width=\"161\" height=\"161\" class=\"alignnone size-full wp-image-124\" \/><\/p>\n<h2>Inmigraci\u00f3n<\/h2>\n<\/div>\n<div class=\"family_right\">\n<h3>EL OBJETIVO PRINCIPAL DE NUESTRA FIRMA ES PROPORCIONAR REPRESENTACI\u00d3N AGRESIVA Y EXPERTA LEGAL CON INTEGRIDAD EN LOS SIGUIENTES ASUNTOS:<\/h3>\n<\/div>\n<\/div>\n<div class=\"family_immi2 immi_pages\">\n<h1 class=\"family_bold\">Ciudadan\u00eda Estadounidense (Naturalizaci\u00f3n)<\/h1>\n<h4>C\u00d3MO CONVERTIRSE EN UN CIUDADANO NATURALIZADO<\/h4>\n<p>Los inmigrantes que han ingresado legalmente a los Estados Unidos,son mayores de 18 a\u00f1os, y han sido residentes permanentes legales en los EE.UU. durante los \u00faltimos cinco a\u00f1os, pueden solicitar convertirse en ciudadanos naturalizados de los Estados Unidos. Tambi\u00e9n pueden calificar para la naturalizaci\u00f3n si est\u00e1n casados con un ciudadano estadounidense y han vivido con \u00e9l o ella y han sido residentes permanentes durante los \u00faltimos tres a\u00f1os.<\/p>\n<p>La naturalizaci\u00f3n es el proceso legal mediante el cual un ciudadano de un pa\u00eds extranjero se convierte en ciudadano de los Estados Unidos. Bajo la Ley de Inmigraci\u00f3n y Nacionalidad, los extranjeros o residentes permanentes legales que sirven o han servido honorablemente en las Fuerzas Armadas de los Estados Unidos o la Reserva Selecta Militar durante la guerra, pueden solicitar la ciudadan\u00eda inmediata. Personas con tarjeta de residencia (greencard) que sirven o han servido en el ej\u00e9rcito durante un a\u00f1o o m\u00e1s durante el tiempo de paz, tambi\u00e9n pueden calificar para la naturalizaci\u00f3n. Un abogado experto de inmigraci\u00f3n o un abogado de naturalizaci\u00f3n de CIMALawGroup en Phoenix puede contestar preguntas espec\u00edficas que usted pueda tener acerca de su capacidad para calificar para la naturalizaci\u00f3n.<\/p>\n<h4>NATURALIZACI\u00d3N: DERECHOS Y OBLIGACIONES DE CIUDADAN\u00cdA<\/h4>\n<p>Una vez quese convierte en ciudadano estadounidense naturalizado, podr\u00e1 disfrutar de los mismos derechos y beneficios que los ciudadanos nacidos en los Estados Unidos, tales como:<\/p>\n<ul>\n<li>-El privilegio de votar en las elecciones locales, estatales y federales<\/li>\n<li>-El beneficio de trabajar para una agencia gubernamental<\/li>\n<li>-La libertad de viajar fuera del pa\u00eds con un pasaporte de EE.UU.<\/li>\n<li>-La alegr\u00eda de patrocinar a un pariente extranjero para convertirse en ciudadano estadounidense<\/li>\n<li>-La oportunidad de mostrar su patriotismo al postularse para puestos y cargos p\u00fablicos<\/li>\n<li>-El derecho a vivir en los EE.UU. sin temor a una posible deportaci\u00f3n<\/li>\n<\/ul>\n<p>Una vez que se convierte en ciudadano de los Estados Unidos, tambi\u00e9n acepta ciertas obligaciones, como servir en un juicio con jurado, pagar impuestos y votar.<\/p>\n<h4>PREPAR\u00c1NDOSE PARA SU ENTREVISTA DE CIUDADAN\u00cdA CON USCIS<\/h4>\n<p>Despu\u00e9s de haber cumplido con todos los requisitos de residencia y completado su Formulario N-400, Solicitud de Naturalizaci\u00f3n, se le pedir\u00e1 que asista a una entrevista de USCIS. El examinador le har\u00e1 preguntas sobre usted, su solicitud y residencia en los Estados Unidos. Pondr\u00e1 a prueba su capacidad para hablar, leer y escribir ingl\u00e9s. Tambi\u00e9n querr\u00e1 saber si usted tiene una comprensi\u00f3n fundamental de la historia y el civismo de los Estados Unidos (los derechos y responsabilidades de los ciudadanos estadounidenses). Cuando el USCIS apruebe su solicitud, se le programar\u00e1 para asistir a una Ceremonia de Naturalizaci\u00f3n. Durante esta ceremonia, se le pedir\u00e1 que tome un juramento (o afirmaci\u00f3n) de lealtad para &#8220;apoyar y defender la Constituci\u00f3n y las leyes de los Estados Unidos de Am\u00e9rica&#8221;. Despu\u00e9s de tomar el juramento, recibir\u00e1 su Certificado de Naturalizaci\u00f3n.<\/p>\n<p>CIMALawGroup puede ayudarle a lograr su objetivo de convertirse en ciudadano a trav\u00e9s de la naturalizaci\u00f3n. Nuestro equipo de expertos puede ayudarle a prepararse para su entrevista con USCIS, y lo acompa\u00f1ar\u00e1 a la entrevista, si desea que su abogado est\u00e9 presente. Llame al (623) 377-4191 para programar una cita.<\/p>\n<\/div>\n<div class=\"cimcon_form\">\n<h2>SOLICITAR UNA CONSULTA<\/h2>\n<div class=\"line\"><\/div>\n<p class=\"wpcf7-contact-form-not-found\"><strong>Error:<\/strong> Contact form not found.<\/p><\/div>\n","protected":false},"excerpt":{"rendered":"<p>Inmigraci\u00f3n EL OBJETIVO PRINCIPAL DE NUESTRA FIRMA ES PROPORCIONAR REPRESENTACI\u00d3N AGRESIVA Y EXPERTA LEGAL CON INTEGRIDAD EN LOS SIGUIENTES ASUNTOS: Ciudadan\u00eda Estadounidense (Naturalizaci\u00f3n) C\u00d3MO CONVERTIRSE EN UN CIUDADANO NATURALIZADO Los inmigrantes que han ingresado legalmente a los Estados Unidos,son mayores de 18 a\u00f1os, y han sido residentes permanentes legales en los EE.UU. durante los \u00faltimos &hellip; <a href=\"https:\/\/www.cimalawgroup.com\/es\/immigration-attorney-phoenix\/citizenship\/\" class=\"more-link\">Continue reading<span class=\"screen-reader-text\"> &#8220;CIUDADAN\u00cdA ESTADOUNIDENSE (NATURALIZACI\u00d3N):&#8221;<\/span><\/a><\/p>\n","protected":false},"author":1,"featured_media":0,"parent":617,"menu_order":0,"comment_status":"closed","ping_status":"closed","template":"template-parts\/spanish.php","meta":{"footnotes":""},"class_list":["post-647","page","type-page","status-publish","hentry"],"translation":{"provider":"WPGlobus","version":"3.0.0","language":"es","enabled_languages":["en","es"],"languages":{"en":{"title":true,"content":true,"excerpt":false},"es":{"title":true,"content":true,"excerpt":false}}},"_links":{"self":[{"href":"https:\/\/www.cimalawgroup.com\/es\/wp-json\/wp\/v2\/pages\/647","targetHints":{"allow":["GET"]}}],"collection":[{"href":"https:\/\/www.cimalawgroup.com\/es\/wp-json\/wp\/v2\/pages"}],"about":[{"href":"https:\/\/www.cimalawgroup.com\/es\/wp-json\/wp\/v2\/types\/page"}],"author":[{"embeddable":true,"href":"https:\/\/www.cimalawgroup.com\/es\/wp-json\/wp\/v2\/users\/1"}],"replies":[{"embeddable":true,"href":"https:\/\/www.cimalawgroup.com\/es\/wp-json\/wp\/v2\/comments?post=647"}],"version-history":[{"count":0,"href":"https:\/\/www.cimalawgroup.com\/es\/wp-json\/wp\/v2\/pages\/647\/revisions"}],"up":[{"embeddable":true,"href":"https:\/\/www.cimalawgroup.com\/es\/wp-json\/wp\/v2\/pages\/617"}],"wp:attachment":[{"href":"https:\/\/www.cimalawgroup.com\/es\/wp-json\/wp\/v2\/media?parent=647"}],"curies":[{"name":"wp","href":"https:\/\/api.w.org\/{rel}","templated":true}]}}