{"id":645,"date":"2020-07-09T12:12:45","date_gmt":"2020-07-09T12:12:45","guid":{"rendered":"https:\/\/www.cimalawgroup.com\/?page_id=645"},"modified":"2024-08-20T11:12:46","modified_gmt":"2024-08-20T11:12:46","slug":"tourist-visas","status":"publish","type":"page","link":"https:\/\/www.cimalawgroup.com\/es\/immigration-attorney-phoenix\/tourist-visas\/","title":{"rendered":"Visa de Turista"},"content":{"rendered":"<div class=\"family_immi\">\n<div class=\"family_left\">\n<p><img decoding=\"async\" class=\"alignnone size-full wp-image-124\" src=\"https:\/\/www.cimalawgroup.com\/wp-content\/uploads\/2020\/07\/immigration-icon.png\" alt=\"\" width=\"161\" height=\"161\" \/><\/p>\n<h2>Inmigraci\u00f3n<\/h2>\n<\/div>\n<div class=\"family_right\">\n<h3>EL OBJETIVO PRINCIPAL DE NUESTRA FIRMA ES PROPORCIONAR REPRESENTACI\u00d3N AGRESIVA Y EXPERTA LEGAL CON INTEGRIDAD EN LOS SIGUIENTES ASUNTOS:<\/h3>\n<\/div>\n<\/div>\n<div class=\"family_immi2 immi_pages\">\n<h1 class=\"family_bold\">Visa de Turista<\/h1>\n<h2>\u00bfQU\u00c9 ES UNA VISA TEMPORAL NO INMIGRANTE?<\/h2>\n<p>Un no inmigrante es clasificado como alguien que ingresa legalmente a los EE.UU. de manera temporal. Una visa temporal permite que un no inmigrante permanezca en Estados Unidos por un per\u00edodo de tiempo espec\u00edfico. Una vez transcurrido su tiempo, deben salirdel pa\u00eds. Un ejemplo de un no inmigrante ser\u00eda un turista, un visitante de negocios, alguien que busca tratamiento m\u00e9dico, una prometida de un ciudadano estadounidense, un estudiante internacional o un atleta de una liga internacional, que est\u00e1 participando en una competici\u00f3n deportiva.<\/p>\n<h3>SOLICITAR UNA VISA DE VISITANTE TEMPORAL B-1 DE NEGOCIOS<\/h3>\n<p>Si desea venir a los Estados Unidos de forma temporal para fines profesionales, educativos o negocios temporales, CIMA LawGroup puede ayudarlo con su solicitud para una Visa de Visitante Temporal B-1 de Negocios de no inmigrante.<\/p>\n<h3>ESTE TIPO DE VISA ES IDEAL PARA EL INDIVIDUO O PROFESIONAL QUE EST\u00c1:<\/h3>\n<ul>\n<li>-Participando en un entrenamiento laboral de corto plazo<\/li>\n<li>-Asistiendo a una convenci\u00f3n, feria, taller educativo o conferencia<\/li>\n<li>-Consultando o negociando con socios comerciales<\/li>\n<li>-Transitando de inmediato a trav\u00e9s de los EE.UU. mientras se dirige a un destino extranjero<\/li>\n<li>-Por llevar a cabo investigaciones educativas o m\u00e9dicas independientes; dando conferencias o hablando p\u00fablicamente<\/li>\n<\/ul>\n<p>El visitante debe proporcionar evidencia de que tiene una residencia en el extranjero, adem\u00e1s de fuertes lazos familiares o comerciales que lo obligan a regresar a casa despu\u00e9s de su visita. El visitante de negocios debe tener fondos suficientes para sostenerse durante su tiempo en los Estados Unidos.<\/p>\n<h3>VIAJE TUR\u00cdSTICO O B\u00daSQUEDA DE TRATAMIENTO M\u00c9DICO EN EE.UU. CON VISA DE TURISTA B-2<\/h3>\n<p>Aquellos que deseen recorrer Estado Unidos por placer, o que vienen por tratamiento m\u00e9dico a corto plazo,pueden obtener una solicitud de Visa de Turista B-2. Las cualificaciones para obtener una visa B-2 son las mismas que para una visa B-1. Un abogado de inmigraci\u00f3n de CIMALawGroup en Phoenix puede contestar sus preguntas sobre la amplia gama de categor\u00edas de visas. Para m\u00e1s informaci\u00f3n ll\u00e1menos al (623) 377-4191.<a href=\"tel:+6233774191\">(623) 377-4191.<\/a><\/p>\n<\/div>\n<div class=\"cimcon_form\">\n<h2>SOLICITAR UNA CONSULTA<\/h2>\n<p>&nbsp;<\/p>\n<\/div>\n","protected":false},"excerpt":{"rendered":"<p>Inmigraci\u00f3n EL OBJETIVO PRINCIPAL DE NUESTRA FIRMA ES PROPORCIONAR REPRESENTACI\u00d3N AGRESIVA Y EXPERTA LEGAL CON INTEGRIDAD EN LOS SIGUIENTES ASUNTOS: Visa de Turista \u00bfQU\u00c9 ES UNA VISA TEMPORAL NO INMIGRANTE? Un no inmigrante es clasificado como alguien que ingresa legalmente a los EE.UU. de manera temporal. Una visa temporal permite que un no inmigrante permanezca &hellip; <a href=\"https:\/\/www.cimalawgroup.com\/es\/immigration-attorney-phoenix\/tourist-visas\/\" class=\"more-link\">Continue reading<span class=\"screen-reader-text\"> &#8220;Visa de Turista&#8221;<\/span><\/a><\/p>\n","protected":false},"author":1,"featured_media":0,"parent":617,"menu_order":0,"comment_status":"closed","ping_status":"closed","template":"template-parts\/spanish.php","meta":{"footnotes":""},"class_list":["post-645","page","type-page","status-publish","hentry"],"translation":{"provider":"WPGlobus","version":"3.0.0","language":"es","enabled_languages":["en","es"],"languages":{"en":{"title":true,"content":true,"excerpt":false},"es":{"title":true,"content":true,"excerpt":false}}},"_links":{"self":[{"href":"https:\/\/www.cimalawgroup.com\/es\/wp-json\/wp\/v2\/pages\/645","targetHints":{"allow":["GET"]}}],"collection":[{"href":"https:\/\/www.cimalawgroup.com\/es\/wp-json\/wp\/v2\/pages"}],"about":[{"href":"https:\/\/www.cimalawgroup.com\/es\/wp-json\/wp\/v2\/types\/page"}],"author":[{"embeddable":true,"href":"https:\/\/www.cimalawgroup.com\/es\/wp-json\/wp\/v2\/users\/1"}],"replies":[{"embeddable":true,"href":"https:\/\/www.cimalawgroup.com\/es\/wp-json\/wp\/v2\/comments?post=645"}],"version-history":[{"count":0,"href":"https:\/\/www.cimalawgroup.com\/es\/wp-json\/wp\/v2\/pages\/645\/revisions"}],"up":[{"embeddable":true,"href":"https:\/\/www.cimalawgroup.com\/es\/wp-json\/wp\/v2\/pages\/617"}],"wp:attachment":[{"href":"https:\/\/www.cimalawgroup.com\/es\/wp-json\/wp\/v2\/media?parent=645"}],"curies":[{"name":"wp","href":"https:\/\/api.w.org\/{rel}","templated":true}]}}