{"id":641,"date":"2020-07-09T12:09:58","date_gmt":"2020-07-09T12:09:58","guid":{"rendered":"https:\/\/www.cimalawgroup.com\/?page_id=641"},"modified":"2021-01-08T07:22:00","modified_gmt":"2021-01-08T07:22:00","slug":"legal-permanent-residency","status":"publish","type":"page","link":"https:\/\/www.cimalawgroup.com\/es\/immigration-attorney-phoenix\/legal-permanent-residency\/","title":{"rendered":"RESIDENCIA PERMANENTE LEGAL"},"content":{"rendered":"<div class=\"family_immi\">\n<div class=\"family_left\">\n<img decoding=\"async\" src=\"https:\/\/www.cimalawgroup.com\/wp-content\/uploads\/2020\/07\/immigration-icon.png\" alt=\"\" width=\"161\" height=\"161\" class=\"alignnone size-full wp-image-124\" \/><\/p>\n<h2>Inmigraci\u00f3n<\/h2>\n<\/div>\n<div class=\"family_right\">\n<h3>EL OBJETIVO PRINCIPAL DE NUESTRA FIRMA ES PROPORCIONAR REPRESENTACI\u00d3N AGRESIVA Y EXPERTA LEGAL CON INTEGRIDAD EN LOS SIGUIENTES ASUNTOS:<\/h3>\n<\/div>\n<\/div>\n<div class=\"family_immi2 immi_pages\">\n<h1 class=\"family_bold\">Residencia Permanente Legal \u2013 Tarjeta de Residencia (Green Card) <\/h1>\n<h4>AJUSTE DE ESTATUS: DE NO INMIGRANTE A INMIGRANTE<\/h4>\n<p>Los extranjeros que han sido admitidos legalmente en los Estados Unidos, y contin\u00faan manteniendo su estatus legal, pueden cambiar de una categor\u00eda de estatus migratorio a otra, sin tener que regresar a su pa\u00eds de origen para completar el procesamiento de visas. Esto se denomina &#8220;ajuste de estado&#8221;. Por ejemplo, si ingres\u00f3 legalmente al pa\u00eds con una visa de prometida K-1 no inmigrante y se casa dentro de los 90 d\u00edas a partir del momento de su fecha de entrada, se le permite permanecer en los EE.UU. mientras solicita un Ajuste de Estatus para alcanzar el estatus de Residente Permanente (Green Card).Los abogados de Cima LawGroup en Phoenixpodr\u00e1n ayudarle a convertirse en un residente permanente legal (LPR) a trav\u00e9s del Proceso de Ajuste de Estatus.<\/p>\n<h4>USTED PUEDE SOLICITAR UN AJUSTE DE ESTATUS PARA CONVERTIRSE EN RESIDENTE PERMANENTE SI:<\/h4>\n<ul>\n<li>-Es elegible para recibir una visa de inmigrante<\/li>\n<li>-Es admisible a los Estados Unidos para su residencia permanente<\/li>\n<li>-Una visa de inmigrante est\u00e1 inmediatamente disponible para usted en el momento de la presentaci\u00f3n de la solicitud<\/li>\n<\/ul>\n<h4>OBST\u00c1CULOS LEGALES PARA EL AJUSTE DE ESTATUS<\/h4>\n<p>Si usted ingres\u00f3 a los Estados Unidos usando una de las siguientes categor\u00edas de visa, se le proh\u00edbe ajustar su estatus y debe salir del pa\u00eds primero para cambiar su estatusa trav\u00e9s del procesamiento consular: tripulantes no ciudadanos que llegaron a los EE.UU. a bordo de un avi\u00f3n, barco o buque, un extranjero en transici\u00f3n a trav\u00e9s de los EE.UU.de un pa\u00eds a otro, un extranjero legalmente a los EE.UU. como un visitante no inmigrante en virtud del Programa de Exenci\u00f3n de Visa.<\/p>\n<p>Si desea cambiar su estatus Temporal de No-Inmigrante a Residente Permanente Legal, contacte a nuestro equipo de expertos en Cima Law Group hoy mismo al (623) 377-4191 para m\u00e1s informaci\u00f3n.<\/p>\n<\/div>\n<div class=\"cimcon_form\">\n<h2>SOLICITAR UNA CONSULTA<\/h2>\n<div class=\"line\"><\/div>\n<p class=\"wpcf7-contact-form-not-found\"><strong>Error:<\/strong> Contact form not found.<\/p><\/div>\n","protected":false},"excerpt":{"rendered":"<p>Inmigraci\u00f3n EL OBJETIVO PRINCIPAL DE NUESTRA FIRMA ES PROPORCIONAR REPRESENTACI\u00d3N AGRESIVA Y EXPERTA LEGAL CON INTEGRIDAD EN LOS SIGUIENTES ASUNTOS: Residencia Permanente Legal \u2013 Tarjeta de Residencia (Green Card) AJUSTE DE ESTATUS: DE NO INMIGRANTE A INMIGRANTE Los extranjeros que han sido admitidos legalmente en los Estados Unidos, y contin\u00faan manteniendo su estatus legal, pueden &hellip; <a href=\"https:\/\/www.cimalawgroup.com\/es\/immigration-attorney-phoenix\/legal-permanent-residency\/\" class=\"more-link\">Continue reading<span class=\"screen-reader-text\"> &#8220;RESIDENCIA PERMANENTE LEGAL&#8221;<\/span><\/a><\/p>\n","protected":false},"author":1,"featured_media":0,"parent":617,"menu_order":0,"comment_status":"closed","ping_status":"closed","template":"template-parts\/spanish.php","meta":{"footnotes":""},"class_list":["post-641","page","type-page","status-publish","hentry"],"translation":{"provider":"WPGlobus","version":"3.0.0","language":"es","enabled_languages":["en","es"],"languages":{"en":{"title":true,"content":true,"excerpt":false},"es":{"title":true,"content":true,"excerpt":false}}},"_links":{"self":[{"href":"https:\/\/www.cimalawgroup.com\/es\/wp-json\/wp\/v2\/pages\/641","targetHints":{"allow":["GET"]}}],"collection":[{"href":"https:\/\/www.cimalawgroup.com\/es\/wp-json\/wp\/v2\/pages"}],"about":[{"href":"https:\/\/www.cimalawgroup.com\/es\/wp-json\/wp\/v2\/types\/page"}],"author":[{"embeddable":true,"href":"https:\/\/www.cimalawgroup.com\/es\/wp-json\/wp\/v2\/users\/1"}],"replies":[{"embeddable":true,"href":"https:\/\/www.cimalawgroup.com\/es\/wp-json\/wp\/v2\/comments?post=641"}],"version-history":[{"count":0,"href":"https:\/\/www.cimalawgroup.com\/es\/wp-json\/wp\/v2\/pages\/641\/revisions"}],"up":[{"embeddable":true,"href":"https:\/\/www.cimalawgroup.com\/es\/wp-json\/wp\/v2\/pages\/617"}],"wp:attachment":[{"href":"https:\/\/www.cimalawgroup.com\/es\/wp-json\/wp\/v2\/media?parent=641"}],"curies":[{"name":"wp","href":"https:\/\/api.w.org\/{rel}","templated":true}]}}