{"id":639,"date":"2020-07-09T12:08:45","date_gmt":"2020-07-09T12:08:45","guid":{"rendered":"https:\/\/www.cimalawgroup.com\/?page_id=639"},"modified":"2025-03-19T05:57:13","modified_gmt":"2025-03-19T05:57:13","slug":"immigration-bonds","status":"publish","type":"page","link":"https:\/\/www.cimalawgroup.com\/es\/immigration-attorney-phoenix\/immigration-bonds\/","title":{"rendered":"BONOS DE INMIGRACI\u00d3N"},"content":{"rendered":"<div class=\"family_immi\">\n<div class=\"family_left\">\n<img decoding=\"async\" src=\"https:\/\/www.cimalawgroup.com\/wp-content\/uploads\/2020\/07\/immigration-icon.png\" alt=\"\" width=\"161\" height=\"161\" class=\"alignnone size-full wp-image-124\" \/><\/p>\n<h2>Inmigraci\u00f3n<\/h2>\n<\/div>\n<div class=\"family_right\">\n<h3>EL OBJETIVO PRINCIPAL DE NUESTRA FIRMA ES PROPORCIONAR REPRESENTACI\u00d3N AGRESIVA Y EXPERTA LEGAL CON INTEGRIDAD EN LOS SIGUIENTES ASUNTOS:<\/h3>\n<\/div>\n<\/div>\n<div class=\"family_immi2 immi_pages\">\n<h1 class=\"family_bold\">BONOS DE INMIGRACI\u00d3N<\/h1>\n<p>Una de las situaciones m\u00e1s desgarradoras para los inmigrantes y sus seres queridos es cuando un inmigrante es arrestado y detenido por Oficiales de Inmigraci\u00f3n (ICE) deEE.UU. Esta es la agencia de investigaciones m\u00e1s grande del Departamento de Seguridad Nacional. Si un amigo o familiar querido ha sido detenido, \u00e9l o ella tiene derecho a obtener una representaci\u00f3n legal inmediata. CIMALawGroup tiene una buena reputaci\u00f3n de ayudar a aquellos que buscan liberarse de la detenci\u00f3n. CIMALawGroup puede presentar mociones de fianza din\u00e1micas y persuasivas en su nombre, para ayudarlo a obtener la libertad bajo custodia con una fianza m\u00ednima o razonable. Asistimos a muchos clientes que est\u00e1n detenidos en centros de detenci\u00f3n de ICE en Arizona. Llame al (623) 377-4191 y obtenga ayuda ahora.<\/p>\n<h4>ELEGIBILIDAD PARA EL BONO DE INMIGRACI\u00d3N<\/h4>\n<p>Un ciudadano extranjero o residente permanente legal que es detenido por ICE se conoce como un detenido.<\/p>\n<p>Un ciudadano extranjero o residente permanente legal que es detenido por ICE se conoce como un detenido.<br \/>\nEl detenido puede calificar para ser liberado bajo fianza dependiendo de su historial criminal y de deportaci\u00f3n y su estado migratorio actual. El detenido debe establecer que \u00e9l o ella no representa un riesgo de fuga y no representa un peligro para la sociedad.\n<\/p>\n<h4>Por lo general no puede solicitar una audiencia de fianza si \u00e9l o ella:<\/h4>\n<p>-Es considerado por el juez como un &#8220;extranjero que llega&#8221;, est\u00e1 involucrado en actividades terroristas o antigubernamentales. <\/p>\n<h4>\u00bfQU\u00c9 ES UN BONO DE INMIGRACI\u00d3N?<\/h4>\n<p>Un bono de inmigraci\u00f3n es una cantidad monetaria establecida por un juez de inmigraci\u00f3n o por ICE.<a href=\"tel:6233774191\">(623) 377-4191.<\/a><\/p>\n<h4>MOCI\u00d3N PARA UNA AUDIENCIA DE FIANZA R\u00c1PIDA<\/h4>\n<p>CIMALawGroup puede determinar su elegibilidad para fianza; presentaremos una moci\u00f3n para una Audiencia de Fianza R\u00e1pida para usted, y programaremos una audiencia frente al juez de inmigraci\u00f3n. Durante la audiencia, nuestra firma presentar\u00e1 evidencia al juez que resalta su elegibilidad para la fianza, incluyendo sus lazos con la familia y la comunidad, prueba de empleo estable, propiedad, evidencia de buen car\u00e1cter moral y su capacidad para pagar la fianza. Si se otorga la fianza, puede establecerse para montos entre $1,500 y $20,000 d\u00f3lares, y a veces m\u00e1s, dependiendo del juez y los documentos presentados. <\/p>\n<h4>\u00bfQU\u00c9 SUCEDE DESPU\u00c9S DE QUE SE OTORGA LA FIANZA?<\/h4>\n<p>Despu\u00e9s de pagar la fianza, ser\u00e1 liberado de la detenci\u00f3n. Despu\u00e9s de que se publica el bono, act\u00faa como seguridad. Debe cumplir con sus obligaciones asistiendo a todas las futuras audiencias judiciales. Si por alguna raz\u00f3n no puede cumplir con sus obligaciones, su fianza se perder\u00e1 (se entregar\u00e1) a la corte y no se le devolver\u00e1 el dinero de la fianza. CIMALawGroupse compromete a ayudar a los familiares de los detenidos en los centros de detenci\u00f3n en Arizona. Hacemos un gran esfuerzo para responder todas las preguntas relacionadas con la ubicaci\u00f3n y el tratamiento de su ser querido, cu\u00e1nto tiempo pueden estar bajo custodia y si califican para ser liberados con un Bono de Inmigraci\u00f3n. Llame a CIMALawGroup para obtener asistencia legal r\u00e1pida, compasiva y profesional. Nuestro n\u00famero de tel\u00e9fono es (623) 377-4191.<\/p>\n<\/div>\n<div class=\"cimcon_form\">\n<h2>SOLICITAR UNA CONSULTA<\/h2>\n<div class=\"line\"><\/div>\n<p class=\"wpcf7-contact-form-not-found\"><strong>Error:<\/strong> Contact form not found.<\/p><\/div>\n","protected":false},"excerpt":{"rendered":"<p>Inmigraci\u00f3n EL OBJETIVO PRINCIPAL DE NUESTRA FIRMA ES PROPORCIONAR REPRESENTACI\u00d3N AGRESIVA Y EXPERTA LEGAL CON INTEGRIDAD EN LOS SIGUIENTES ASUNTOS: BONOS DE INMIGRACI\u00d3N Una de las situaciones m\u00e1s desgarradoras para los inmigrantes y sus seres queridos es cuando un inmigrante es arrestado y detenido por Oficiales de Inmigraci\u00f3n (ICE) deEE.UU. Esta es la agencia de &hellip; <a href=\"https:\/\/www.cimalawgroup.com\/es\/immigration-attorney-phoenix\/immigration-bonds\/\" class=\"more-link\">Continue reading<span class=\"screen-reader-text\"> &#8220;BONOS DE INMIGRACI\u00d3N&#8221;<\/span><\/a><\/p>\n","protected":false},"author":1,"featured_media":0,"parent":617,"menu_order":0,"comment_status":"closed","ping_status":"closed","template":"template-parts\/spanish.php","meta":{"footnotes":""},"class_list":["post-639","page","type-page","status-publish","hentry"],"translation":{"provider":"WPGlobus","version":"3.0.0","language":"es","enabled_languages":["en","es"],"languages":{"en":{"title":true,"content":true,"excerpt":false},"es":{"title":true,"content":true,"excerpt":false}}},"_links":{"self":[{"href":"https:\/\/www.cimalawgroup.com\/es\/wp-json\/wp\/v2\/pages\/639","targetHints":{"allow":["GET"]}}],"collection":[{"href":"https:\/\/www.cimalawgroup.com\/es\/wp-json\/wp\/v2\/pages"}],"about":[{"href":"https:\/\/www.cimalawgroup.com\/es\/wp-json\/wp\/v2\/types\/page"}],"author":[{"embeddable":true,"href":"https:\/\/www.cimalawgroup.com\/es\/wp-json\/wp\/v2\/users\/1"}],"replies":[{"embeddable":true,"href":"https:\/\/www.cimalawgroup.com\/es\/wp-json\/wp\/v2\/comments?post=639"}],"version-history":[{"count":0,"href":"https:\/\/www.cimalawgroup.com\/es\/wp-json\/wp\/v2\/pages\/639\/revisions"}],"up":[{"embeddable":true,"href":"https:\/\/www.cimalawgroup.com\/es\/wp-json\/wp\/v2\/pages\/617"}],"wp:attachment":[{"href":"https:\/\/www.cimalawgroup.com\/es\/wp-json\/wp\/v2\/media?parent=639"}],"curies":[{"name":"wp","href":"https:\/\/api.w.org\/{rel}","templated":true}]}}