{"id":635,"date":"2020-07-09T12:06:10","date_gmt":"2020-07-09T12:06:10","guid":{"rendered":"https:\/\/www.cimalawgroup.com\/?page_id=635"},"modified":"2021-01-08T07:25:56","modified_gmt":"2021-01-08T07:25:56","slug":"freedom-of-information-act","status":"publish","type":"page","link":"https:\/\/www.cimalawgroup.com\/es\/immigration-attorney-phoenix\/freedom-of-information-act\/","title":{"rendered":"ACTA DE LIBERTAD DE INFORMACI\u00d3N"},"content":{"rendered":"<div class=\"family_immi\">\n<div class=\"family_left\">\n<img decoding=\"async\" src=\"https:\/\/www.cimalawgroup.com\/wp-content\/uploads\/2020\/07\/immigration-icon.png\" alt=\"\" width=\"161\" height=\"161\" class=\"alignnone size-full wp-image-124\" \/><\/p>\n<h2>Inmigraci\u00f3n<\/h2>\n<\/div>\n<div class=\"family_right\">\n<h3>EL OBJETIVO PRINCIPAL DE NUESTRA FIRMA ES PROPORCIONAR REPRESENTACI\u00d3N AGRESIVA Y EXPERTA LEGAL CON INTEGRIDAD EN LOS SIGUIENTES ASUNTOS:<\/h3>\n<\/div>\n<\/div>\n<div class=\"family_immi2 immi_pages\">\n<h1 class=\"family_bold\">Acta de Libertad de Informaci\u00f3n<\/h1>\n<h4>VERIFICACI\u00d3N DEL FBI\/RECUPERACI\u00d3N DE REGISTROS DE LA ACTA DE LIBERTAD DE INFORMACI\u00d3N<\/h4>\n<p>Verificaci\u00f3n de antecedentes del FBI &#8211; Obtenga sus huellas digitales en nuestra oficina por un especialista certificado, env\u00ede la tarjeta de huellas digitales al FBI manteniendo la confidencialidad de la persona; El abogado revisa los resultados del FBI que revelan antecedentes penales y de deportaci\u00f3n del individuo; cree un plan de acci\u00f3n personalizado para cada caso individual. Acta de Libertad de Informaci\u00f3n: obtenga copias de todos los documentos presentados ante el USCIS o de la Corte de Inmigraci\u00f3n; La revisi\u00f3n del abogado de los resultados de FOIA le permitir\u00e1 que cree un plan de acci\u00f3n personalizado para cada caso individual. Para complementar su archivo o ayudarnos a determinar sus necesidades legales, podemos ayudarlo a completar los formularios para solicitar una verificaci\u00f3n de antecedentes del FBI, o para obtener un registro completo de su archivo de inmigraci\u00f3n a trav\u00e9s de la Acta de Libertad de Informaci\u00f3n (FOIA). Si tiene un cargo de arresto anterior, una verificaci\u00f3n de antecedentes del FBI puede proporcionarnos la disposici\u00f3n del arresto, la fecha del arresto y el cargo actual de arresto. La Verificaci\u00f3n del FBI y los registros de inmigraci\u00f3n obtenidos a trav\u00e9s de la FOIA nos ayudar\u00e1n a determinar su estado de inmigraci\u00f3n y hacer que la presentaci\u00f3n de futuras solicitudes sea mucho m\u00e1s f\u00e1cil.<\/p>\n<\/div>\n<div class=\"cimcon_form\">\n<h2>SOLICITAR UNA CONSULTA<\/h2>\n<div class=\"line\"><\/div>\n<p class=\"wpcf7-contact-form-not-found\"><strong>Error:<\/strong> Contact form not found.<\/p><\/div>\n","protected":false},"excerpt":{"rendered":"<p>Inmigraci\u00f3n EL OBJETIVO PRINCIPAL DE NUESTRA FIRMA ES PROPORCIONAR REPRESENTACI\u00d3N AGRESIVA Y EXPERTA LEGAL CON INTEGRIDAD EN LOS SIGUIENTES ASUNTOS: Acta de Libertad de Informaci\u00f3n VERIFICACI\u00d3N DEL FBI\/RECUPERACI\u00d3N DE REGISTROS DE LA ACTA DE LIBERTAD DE INFORMACI\u00d3N Verificaci\u00f3n de antecedentes del FBI &#8211; Obtenga sus huellas digitales en nuestra oficina por un especialista certificado, env\u00ede &hellip; <a href=\"https:\/\/www.cimalawgroup.com\/es\/immigration-attorney-phoenix\/freedom-of-information-act\/\" class=\"more-link\">Continue reading<span class=\"screen-reader-text\"> &#8220;ACTA DE LIBERTAD DE INFORMACI\u00d3N&#8221;<\/span><\/a><\/p>\n","protected":false},"author":1,"featured_media":0,"parent":617,"menu_order":0,"comment_status":"closed","ping_status":"closed","template":"template-parts\/spanish.php","meta":{"footnotes":""},"class_list":["post-635","page","type-page","status-publish","hentry"],"translation":{"provider":"WPGlobus","version":"3.0.0","language":"es","enabled_languages":["en","es"],"languages":{"en":{"title":true,"content":true,"excerpt":false},"es":{"title":true,"content":true,"excerpt":false}}},"_links":{"self":[{"href":"https:\/\/www.cimalawgroup.com\/es\/wp-json\/wp\/v2\/pages\/635","targetHints":{"allow":["GET"]}}],"collection":[{"href":"https:\/\/www.cimalawgroup.com\/es\/wp-json\/wp\/v2\/pages"}],"about":[{"href":"https:\/\/www.cimalawgroup.com\/es\/wp-json\/wp\/v2\/types\/page"}],"author":[{"embeddable":true,"href":"https:\/\/www.cimalawgroup.com\/es\/wp-json\/wp\/v2\/users\/1"}],"replies":[{"embeddable":true,"href":"https:\/\/www.cimalawgroup.com\/es\/wp-json\/wp\/v2\/comments?post=635"}],"version-history":[{"count":0,"href":"https:\/\/www.cimalawgroup.com\/es\/wp-json\/wp\/v2\/pages\/635\/revisions"}],"up":[{"embeddable":true,"href":"https:\/\/www.cimalawgroup.com\/es\/wp-json\/wp\/v2\/pages\/617"}],"wp:attachment":[{"href":"https:\/\/www.cimalawgroup.com\/es\/wp-json\/wp\/v2\/media?parent=635"}],"curies":[{"name":"wp","href":"https:\/\/api.w.org\/{rel}","templated":true}]}}