{"id":633,"date":"2020-07-09T12:04:46","date_gmt":"2020-07-09T12:04:46","guid":{"rendered":"https:\/\/www.cimalawgroup.com\/?page_id=633"},"modified":"2023-02-23T08:04:40","modified_gmt":"2023-02-23T08:04:40","slug":"family-based-petitions","status":"publish","type":"page","link":"https:\/\/www.cimalawgroup.com\/es\/immigration-attorney-phoenix\/family-based-petitions\/","title":{"rendered":"Peticiones Familiares"},"content":{"rendered":"<div class=\"family_immi\">\n<div class=\"family_left\">\n<p><img decoding=\"async\" class=\"alignnone size-full wp-image-124\" src=\"https:\/\/www.cimalawgroup.com\/wp-content\/uploads\/2020\/07\/immigration-icon.png\" alt=\"\" width=\"161\" height=\"161\" \/><\/p>\n<div class=\"family_immi\">\n<div class=\"family_left\">\n<h2><\/h2>\n<\/div>\n<div class=\"family_right\">\n<h3>Immigration: EL OBJETIVO PRINCIPAL DE NUESTRA FIRMA ES PROPORCIONAR REPRESENTACI\u00d3N AGRESIVA Y EXPERTA LEGAL CON INTEGRIDAD EN LOS SIGUIENTES ASUNTOS:<\/h3>\n<\/div>\n<\/div>\n<div class=\"family_immi2\">\n<h1 class=\"family_bold\">Peticiones Basadasen Familia<\/h1>\n<h2>Inmigraci\u00f3n Basada en Familia: Visas para Familiares Inmediatos<\/h2>\n<\/div>\n<\/div>\n<\/div>\n<div class=\"family_immi2\">\n<p>CIMA tiene los mejores abogados de inmigraci\u00f3n para casos basados en familia. Con m\u00e1s de 25 a\u00f1os de experiencia, comprendemos la vitalidad de un abogado de inmigraci\u00f3n de familia y sabemos quees importante para un resultado exitoso.CIMALawGroup asignar\u00e1 a su caso el mejor abogado posible de inmigraci\u00f3n de familia.<\/p>\n<p>Para muchos, los miembros de familia lo son todo y se preocupan m\u00e1s por ellos. Estas son las personas que siempre quieren mantener a su familia cerca de ellos donde residan. Para satisfacer esta necesidad, uno tiene que cumplir con los est\u00e1ndares legales de inmigraci\u00f3n determinados por la ley, lo que puede ser muy complicado. Como un abogado de inmigraci\u00f3n de familia experimentado, podemos ayudar a reunir a las familias a trav\u00e9s de la inmigraci\u00f3n. Tenemos experiencia en todos los aspectos dentro de esta categor\u00eda y podemos ayudarlo con las solicitudes de visa de familia, el ajuste de estado y resolver varios otros problemas legales para llevar a sus seres queridos a su residencia de manera segura.<\/p>\n<p>A diferencia de otras firmas de inmigraci\u00f3n, nuestros abogados especializados en inmigraci\u00f3n de familia se enfocan m\u00e1s en unir a familias en vez de servir a las necesidades corporativas y de inmigraci\u00f3n. Nuestro objetivo es proporcionar soluciones reales para reunir y mantener unidas a las familias de nuestros clientes despu\u00e9s de superar los obst\u00e1culos de inmigraci\u00f3n.<\/p>\n<p>Para aquellos que se han presentado como un residente permanente legal que ahora son ciudadanos estadounidenses, la visa recibida para sus dependientes cambiar\u00e1. Los abogados de inmigraci\u00f3n de familia de CIMA LawGroup lo guiar\u00e1n a trav\u00e9s del proceso de presentaci\u00f3n de prueba de naturalizaci\u00f3n al Centro Nacional de Visas (NVC).<\/p>\n<p>Un abogado experimentado en inmigraci\u00f3n de familia es cr\u00edtico. \u00a1Llame a CIMA LawGroup hoy! Asignaremos su caso a uno de nuestros abogados con experiencia y lo evaluaremos de forma gratuita. \u00a1Con un99% de \u00e9xito en casos trabajados, nuestros abogados asegurar\u00e1n su \u00e9xito! \u00a1Ll\u00e1menos de inmediato!<\/p>\n<p>CIMA LawGroup proporcionar\u00e1 el abogado de inmigraci\u00f3n de familia con m\u00e1s experiencia y \u00e9xito para su caso. Nuestros abogados tratan cada caso con respeto de principio a fin. \u00a1Ll\u00e1menos hoy!<\/p>\n<p>Extranjeros que planean vivir y trabajar permanentemente en Estados Unidos pueden convertirse en residentes permanentes legales a trav\u00e9s de una petici\u00f3n basada en familia. Aquellos que deseen solicitar una petici\u00f3n deben tenera una de las siguientes personas que sean ciudadanos estadounidenses y sean mayores de 21 a\u00f1os de edad que apliquen por ellos.<\/p>\n<p><strong>UN PARIENTE INMEDIATO SE CLASIFICA COMO:<\/strong><\/p>\n<ul>\n<li>-Esposo\/Esposa<\/li>\n<li>-Padre\/Madre<\/li>\n<li>-Hijo\/Hija soltero menor de 21 a\u00f1os<\/li>\n<\/ul>\n<p>Un abogado de inmigraci\u00f3n de familia puede ayudarlo en este proceso, mediante la presentaci\u00f3n y el establecimiento de su visa. Se emitir\u00e1 un n\u00famero de visa por el Centro Nacional de Visas del Departamento de Estado de EE.UU.para el pariente que aplic\u00f3. El pariente ser\u00e1 notificado de la comparecencia ante la Embajada de los Estados Unidos en el Consulado de su pa\u00eds natal.<\/p>\n<p><strong>VISAS DE INMIGRANTE Y FECHAS DE PRIORIDAD PARA FAMILIARES EN CATEGOR\u00cdA DE PREFERENCIA<\/strong><\/p>\n<p>La cantidad de visas emitidas depende de las cuotas de inmigraci\u00f3n de los Estados Unidos. Dependiendo del pa\u00eds de nacimiento, miembros de la familia extendida pueden tener que esperar muchos a\u00f1os para obtener una visa de inmigrante. Su fecha de prioridad es la fecha en que present\u00f3 su petici\u00f3n. Su pariente es elegible para la visa cuando esta fecha se publica en el Bolet\u00edn de Visa, el cual es publicado mensualmente por el Departamento de Estado de los Estados Unidos. El peticionario se incluir\u00e1 en una de las tres categor\u00edas de preferencias de USCIS. Tenga en cuenta que estas fechas cambian continuamente, y un abogado de inmigraci\u00f3n de familia puede ayudarlo a mantenerse informado.<\/p>\n<\/div>\n<div class=\"family_preference\">\n<h3>CATEGOR\u00cdAS DE PREFERENCIA:<\/h3>\n<div class=\"family_preference1\">\n<h3><a href=\"https:\/\/www.cimalawgroup.com\/es\/family-based-petitions\/\">PRIMERA PREFERENCIA<\/a><\/h3>\n<ul>\n<li>Ni\u00f1os solteros (mayores de 21 a\u00f1os) de ciudadanos estadounidenses<\/li>\n<\/ul>\n<\/div>\n<div class=\"family_preference1\">\n<h3><a href=\"https:\/\/www.cimalawgroup.com\/es\/family-based-petitions\/\">SEGUNDA PREFERENCIA<\/a><\/h3>\n<ul>\n<li>(2A) C\u00f3nyuges de titulares con tarjeta de residencia (greencard), hijos solteros (menores de 21 a\u00f1os) de residentes permanentes<\/li>\n<li>(2B) Ni\u00f1os solteros (mayores de 21 a\u00f1os) de ciudadanos estadounidenses<\/li>\n<\/ul>\n<\/div>\n<div class=\"family_preference1\">\n<h3><a href=\"https:\/\/www.cimalawgroup.com\/es\/family-based-petitions\/\">TERCERA PREFERENCIA <\/a><\/h3>\n<ul>\n<li>Hijos casados de ciudadanos estadounidenses<\/li>\n<\/ul>\n<\/div>\n<div class=\"family_preference1\">\n<h3><a href=\"https:\/\/www.cimalawgroup.com\/es\/family-based-petitions\/\">CUARTA PREFERENCIA<\/a><\/h3>\n<ul>\n<li>Hermanos de ciudadanos estadounidenses (mayores de 21 a\u00f1os)<\/li>\n<\/ul>\n<\/div>\n<p>La aprobaci\u00f3n de visa puede tomar tiempo. En CIMA LawGroup, nuestro equipo de abogados expertos en inmigraci\u00f3n de familia trabajan en estrecha colaboraci\u00f3n con las embajadas y consulados de Estados Unidos alrededor del mundo para agilizar el proceso. Ll\u00e1menos hoy al (623) 377-4191 para hacer una cita para hablar con un abogado acerca de solicitar que un ser querido se una a usted en los Estados Unidos.<\/p>\n<\/div>\n<div class=\"cimcon_form\">\n<p>&nbsp;<\/p>\n<\/div>\n<p><script type=\"application\/ld+json\">\n{\"@context\":\"https:\/\/schema.org\",\n\"@type\":\"Product\",\n\"@id\":\"https:\/\/www.cimalawgroup.com\/immigration-attorney\/family-based-petitions\/\n\",\n\"additionalType\": [\"https:\/\/en.wikipedia.org\/wiki\/Lawyer\"],\n\"url\":\"https:\/\/www.cimalawgroup.com\/immigration-attorney\/family-based-petitions\/\n\",\n\"name\":\"Cima law  Group.\",\n\"disambiguatingdescription\":\"CIMA LAW GROUP IS ONE OF THE TOP LAW FIRMS IN ARIZONA. WE WIN CASES AND GET RESULTS..\",<\/p>\n<p>\"mainEntityOfPage\":\"https:\/\/www.google.com\/maps\/place\/CIMA+Law+Group-Criminal+Defense+Attorney+Phoenix\/@33.4770945,-112.0692417,17z\/data=!3m1!4b1!4m5!3m4!1s0x14e3c3b6cafdcbe7:0xa91577e8371c3d19!8m2!3d33.4770945!4d-112.067053\",\n\"description\":\"Our firm\u2019s main goal is to provide expert and aggressive legal representation with integrity. Our mission is to provide high quality legal services, advocacy and personal services to our clients. .\",\n\"image\":\"https:\/\/www.cimalawgroup.com\/wp-content\/themes\/cimalawgroup\/images\/logo.png\",\n  \"review\": {\n    \"@type\": \"Review\",\n    \"reviewRating\": {\n      \"@type\": \"Rating\",\n      \"ratingValue\": \"4.8\"\n    },\n    \"author\": {\n      \"@type\": \"Person\",\n      \"name\": \"Isabela von Dehl\"\n    },\n    \"reviewBody\": \"This summer, I did a hybrid government relations and legal internship at CIMA and I learned so much! Louie was a wonderful supervisor who communicated clearly and took time to teach me skills and impart life lessons. On the whole, everyone in the office was so friendly and warm - they even threw a little office party on my birthday. They also put so much care and hard-work into their clients' cases. I was truly astounded. Whether I was a student looking for a great learning opportunity or a person in need of legal assistance, I would go to CIMA every time.\"\n  },\n\"aggregateRating\":\n{\"@type\":\"AggregateRating\",\"ratingValue\":\"4.8\",\"reviewCount\":\"101\"}}\n<\/script><\/p>\n","protected":false},"excerpt":{"rendered":"<p>Immigration: EL OBJETIVO PRINCIPAL DE NUESTRA FIRMA ES PROPORCIONAR REPRESENTACI\u00d3N AGRESIVA Y EXPERTA LEGAL CON INTEGRIDAD EN LOS SIGUIENTES ASUNTOS: Peticiones Basadasen Familia Inmigraci\u00f3n Basada en Familia: Visas para Familiares Inmediatos CIMA tiene los mejores abogados de inmigraci\u00f3n para casos basados en familia. Con m\u00e1s de 25 a\u00f1os de experiencia, comprendemos la vitalidad de un &hellip; <a href=\"https:\/\/www.cimalawgroup.com\/es\/immigration-attorney-phoenix\/family-based-petitions\/\" class=\"more-link\">Continue reading<span class=\"screen-reader-text\"> &#8220;Peticiones Familiares&#8221;<\/span><\/a><\/p>\n","protected":false},"author":1,"featured_media":0,"parent":617,"menu_order":0,"comment_status":"closed","ping_status":"closed","template":"template-parts\/spanish.php","meta":{"footnotes":""},"class_list":["post-633","page","type-page","status-publish","hentry"],"translation":{"provider":"WPGlobus","version":"3.0.0","language":"es","enabled_languages":["en","es"],"languages":{"en":{"title":true,"content":true,"excerpt":false},"es":{"title":true,"content":true,"excerpt":false}}},"_links":{"self":[{"href":"https:\/\/www.cimalawgroup.com\/es\/wp-json\/wp\/v2\/pages\/633","targetHints":{"allow":["GET"]}}],"collection":[{"href":"https:\/\/www.cimalawgroup.com\/es\/wp-json\/wp\/v2\/pages"}],"about":[{"href":"https:\/\/www.cimalawgroup.com\/es\/wp-json\/wp\/v2\/types\/page"}],"author":[{"embeddable":true,"href":"https:\/\/www.cimalawgroup.com\/es\/wp-json\/wp\/v2\/users\/1"}],"replies":[{"embeddable":true,"href":"https:\/\/www.cimalawgroup.com\/es\/wp-json\/wp\/v2\/comments?post=633"}],"version-history":[{"count":0,"href":"https:\/\/www.cimalawgroup.com\/es\/wp-json\/wp\/v2\/pages\/633\/revisions"}],"up":[{"embeddable":true,"href":"https:\/\/www.cimalawgroup.com\/es\/wp-json\/wp\/v2\/pages\/617"}],"wp:attachment":[{"href":"https:\/\/www.cimalawgroup.com\/es\/wp-json\/wp\/v2\/media?parent=633"}],"curies":[{"name":"wp","href":"https:\/\/api.w.org\/{rel}","templated":true}]}}