{"id":631,"date":"2020-07-09T12:03:26","date_gmt":"2020-07-09T12:03:26","guid":{"rendered":"https:\/\/www.cimalawgroup.com\/?page_id=631"},"modified":"2025-04-14T12:42:17","modified_gmt":"2025-04-14T12:42:17","slug":"derivative-citizenship","status":"publish","type":"page","link":"https:\/\/www.cimalawgroup.com\/es\/immigration-attorney-phoenix\/derivative-citizenship\/","title":{"rendered":"CIUDADAN\u00cdA DERIVADA"},"content":{"rendered":"<div class=\"family_immi\">\n<div class=\"family_left\">\n<img decoding=\"async\" src=\"https:\/\/www.cimalawgroup.com\/wp-content\/uploads\/2020\/07\/immigration-icon.png\" alt=\"\" width=\"161\" height=\"161\" class=\"alignnone size-full wp-image-124\" \/><\/p>\n<h2>Inmigraci\u00f3n<\/h2>\n<\/div>\n<div class=\"family_right\">\n<h3>EL OBJETIVO PRINCIPAL DE NUESTRA FIRMA ES PROPORCIONAR REPRESENTACI\u00d3N AGRESIVA Y EXPERTA LEGAL CON INTEGRIDAD EN LOS SIGUIENTES ASUNTOS:<\/h3>\n<\/div>\n<\/div>\n<div class=\"family_immi2 immi_pages\">\n<h1 class=\"family_bold\">Ciudadan\u00eda Derivada<\/h1>\n<h4>RECLAMAR LA CIUDADAN\u00cdA DE LOS EE.UU. A TRAV\u00c9S DE LOS PADRES<\/h4>\n<p>Algunas personas quiz\u00e1s no est\u00e9n conscientes de que tienen una reclamaci\u00f3n a la ciudadan\u00eda estadounidense basada en la paternidad. Por ejemplo, una persona nacida fuera de los Estados Unidos a padre(s) ciudadanos estadounidenses puede haber derivado ya la ciudadan\u00eda a trav\u00e9s de su padre(s), y puede ser elegible para obtener un Certificado de Ciudadan\u00eda para mostrar una prueba documentada de su estatus de ciudadan\u00eda estadounidense. Nuestro equipo de expertos de CIMALawGroup, puede ayudarle a reunir y presentar una Solicitud de Certificado de Ciudadan\u00eda (Formulario N-600 o N-600K) con el USCIS, basado en la paternidad biol\u00f3gica, adoptiva o naturalizada de los ciudadanos estadounidenses. <\/p>\n<h4>USTED PUEDE RECLAMAR LA CIUDADAN\u00cdA ESTADOUNIDENSE A TRAV\u00c9S DE:<\/h4>\n<ul>\n<li>-Una madre ciudadana de los EE.UU. o un padre ciudadano de los EE.UU.<\/li>\n<li>-Ambos padres ciudadanos de los EE.UU.<\/li>\n<li>-Un padre adoptivo ciudadano de los EE.UU.<\/li>\n<li>-Uno o m\u00e1s padres nacidos en el extranjero, que se han convertido en ciudadanos de EE.UU. naturalizados.<\/li>\n<\/ul>\n<h4>SOLICITAR LA CIUDADAN\u00cdA ESTADOUNIDENSE PARA UN NI\u00d1O MENOR DE EDAD<\/h4>\n<p>Un padre ciudadano de los EE.UU. puede solicitar la ciudadan\u00eda de los Estados Unidos en nombre de su hijo menor de edad, incluyendo:<\/h4>\n<ul>\n<li> -Un ni\u00f1o biol\u00f3gico<\/li>\n<li> -Un ni\u00f1o adoptado<\/li>\n<\/ul>\n<h4>DIFICULTADES PARA RECLAMAR LA CIUDADAN\u00cdA<\/h4>\n<p>La Solicitud de Certificado de Ciudadan\u00eda, Formulario N-600, puede ser terriblemente dif\u00edcil de navegar sin asistencia legal experimentada. El incumplimiento de requisitos espec\u00edficos, o de proporcionar evidencia de ciudadan\u00eda, puede hacer que el USCIS rechace su solicitud. Llame a CIMALawGroup hoy para hacer una consulta. Una consulta con nuestro equipo de expertos puede determinar su elegibilidad para la ciudadan\u00eda y ayudarle a trav\u00e9s del complejo proceso de solicitud. Con sede en Phoenix, Arizona, servimos a clientes a nivel local, a trav\u00e9s del pa\u00eds y alrededor del mundo. Nuestro n\u00famero es (623) 377-4191. <a href=\"tel:6233774191\"(623) 377-4191.<\/a><\/p>\n<\/div>\n<div class=\"cimcon_form\">\n<h2>SOLICITAR UNA CONSULTA<\/h2>\n<div class=\"line\"><\/div>\n<p class=\"wpcf7-contact-form-not-found\"><strong>Error:<\/strong> Contact form not found.<\/p><\/div>\n","protected":false},"excerpt":{"rendered":"<p>Inmigraci\u00f3n EL OBJETIVO PRINCIPAL DE NUESTRA FIRMA ES PROPORCIONAR REPRESENTACI\u00d3N AGRESIVA Y EXPERTA LEGAL CON INTEGRIDAD EN LOS SIGUIENTES ASUNTOS: Ciudadan\u00eda Derivada RECLAMAR LA CIUDADAN\u00cdA DE LOS EE.UU. A TRAV\u00c9S DE LOS PADRES Algunas personas quiz\u00e1s no est\u00e9n conscientes de que tienen una reclamaci\u00f3n a la ciudadan\u00eda estadounidense basada en la paternidad. Por ejemplo, una &hellip; <a href=\"https:\/\/www.cimalawgroup.com\/es\/immigration-attorney-phoenix\/derivative-citizenship\/\" class=\"more-link\">Continue reading<span class=\"screen-reader-text\"> &#8220;CIUDADAN\u00cdA DERIVADA&#8221;<\/span><\/a><\/p>\n","protected":false},"author":1,"featured_media":0,"parent":617,"menu_order":0,"comment_status":"closed","ping_status":"closed","template":"template-parts\/spanish.php","meta":{"footnotes":""},"class_list":["post-631","page","type-page","status-publish","hentry"],"translation":{"provider":"WPGlobus","version":"3.0.0","language":"es","enabled_languages":["en","es"],"languages":{"en":{"title":true,"content":true,"excerpt":false},"es":{"title":true,"content":true,"excerpt":false}}},"_links":{"self":[{"href":"https:\/\/www.cimalawgroup.com\/es\/wp-json\/wp\/v2\/pages\/631","targetHints":{"allow":["GET"]}}],"collection":[{"href":"https:\/\/www.cimalawgroup.com\/es\/wp-json\/wp\/v2\/pages"}],"about":[{"href":"https:\/\/www.cimalawgroup.com\/es\/wp-json\/wp\/v2\/types\/page"}],"author":[{"embeddable":true,"href":"https:\/\/www.cimalawgroup.com\/es\/wp-json\/wp\/v2\/users\/1"}],"replies":[{"embeddable":true,"href":"https:\/\/www.cimalawgroup.com\/es\/wp-json\/wp\/v2\/comments?post=631"}],"version-history":[{"count":0,"href":"https:\/\/www.cimalawgroup.com\/es\/wp-json\/wp\/v2\/pages\/631\/revisions"}],"up":[{"embeddable":true,"href":"https:\/\/www.cimalawgroup.com\/es\/wp-json\/wp\/v2\/pages\/617"}],"wp:attachment":[{"href":"https:\/\/www.cimalawgroup.com\/es\/wp-json\/wp\/v2\/media?parent=631"}],"curies":[{"name":"wp","href":"https:\/\/api.w.org\/{rel}","templated":true}]}}