{"id":628,"date":"2020-07-09T11:52:01","date_gmt":"2020-07-09T11:52:01","guid":{"rendered":"https:\/\/www.cimalawgroup.com\/?page_id=628"},"modified":"2025-04-14T12:39:56","modified_gmt":"2025-04-14T12:39:56","slug":"deportation-defense","status":"publish","type":"page","link":"https:\/\/www.cimalawgroup.com\/es\/immigration-attorney-phoenix\/deportation-defense\/","title":{"rendered":"Defensa de Deportaci\u00f3n"},"content":{"rendered":"<div class=\"family_immi\">\n<div class=\"family_left\"><img decoding=\"async\" class=\"alignnone size-full wp-image-124\" src=\"https:\/\/www.cimalawgroup.com\/wp-content\/uploads\/2020\/07\/immigration-icon.png\" alt=\"\" width=\"161\" height=\"161\" \/><\/p>\n<h2>Inmigraci\u00f3n<\/h2>\n<\/div>\n<div class=\"family_right\">\n<h3>EL OBJETIVO PRINCIPAL DE NUESTRA FIRMA ES PROPORCIONAR REPRESENTACI\u00d3N AGRESIVA Y EXPERTA LEGAL CON INTEGRIDAD EN LOS SIGUIENTES ASUNTOS:<\/h3>\n<\/div>\n<\/div>\n<div class=\"family_immi2 immi_pages\">\n<h1 class=\"family_bold\">Defensa de Deportaci\u00f3n<\/h1>\n<h4>ALIVIO LEGAL PARA RESIDENTES PERMANENTES EN PELIGRO DE DEPORTACI\u00d3N<\/h4>\n<p>Aunque usted tenga un estatus como residente permanente legal en los Estados Unidos, todav\u00eda puede ser removido del pa\u00eds. Si usted tiene y se encuentra en peligro de ser deportado o retirado del pa\u00eds, los abogados defensores de remoci\u00f3n en CIMALawGroup pueden buscar un recurso legal para usted conocido como Cancelaci\u00f3n de Remoci\u00f3n. Usted debe estar actualmente en un proceso de deportaci\u00f3n frente a un juez de inmigraci\u00f3n, para que presentemos una solicitud de cancelaci\u00f3n de remoci\u00f3n en su nombre. Si el juez de inmigraci\u00f3n aprueba su solicitud, usted puede mantener su estatus como residente permanente legal y permanecer en el pa\u00eds.<\/p>\n<h4>Para calificar, usted debe:<\/h4>\n<ul>\n<li>-Ser un residente permanente legal (con tarjeta de residencia) por los \u00faltimos 5 a\u00f1os hasta el momento en que se presenta su solicitud.<\/li>\n<li>-Ha vivido en los EE.UU. continuamente durante 7 a\u00f1os o m\u00e1s despu\u00e9s de haber sido admitido legalmente al pa\u00eds, y antes de que usted recibiera un aviso para comparecer en el procedimiento de remoci\u00f3n.<\/li>\n<li>-No ha sido condenado por un delito grave agravado.<\/li>\n<\/ul>\n<p>Durante su audiencia, presentaremos documentaci\u00f3n al juez que demuestre su elegibilidad para la Cancelaci\u00f3n de Remoci\u00f3n. El juez tiene la discreci\u00f3n de sopesar cualquier delito pasado contra otros factores, como su buena posici\u00f3n en la comunidad, su servicio en las fuerzas armadas, su registro consistente de pagar impuestos, su educaci\u00f3n, prueba de rehabilitaci\u00f3n o los lazos s\u00f3lidos entre la familia y los negocios. <\/p>\n<h4>PRESERVAR LOS DERECHOS DE LOS INMIGRANTES LEGALES<\/h4>\n<p>CIMALawGroup es muy respetado en Phoenix, y en todo el suroeste, por sus esfuerzos continuos en la preservaci\u00f3n de los derechos legales de los inmigrantes. Representamos a clientes de M\u00e9xico, Latinoam\u00e9rica, Canad\u00e1, Europa, Asia y pr\u00e1cticamente cualquier naci\u00f3n alrededor del mundo. Deseamos ayudarle a permanecer en los Estados Unidos con su familia. La deportaci\u00f3n es una gran dificultad que se puede evitar legalmente a trav\u00e9s de la Cancelaci\u00f3n de Remoci\u00f3n. Llame al (623) 377-4191 para hacer una cita con un abogado de CIMALawGroupcalificado enCancelaci\u00f3n de Remoci\u00f3n.<\/p>\n<\/div>\n<div class=\"cimcon_form\">\n<h2>SOLICITAR UNA CONSULTA<\/h2>\n<div class=\"line\"><\/div>\n<p class=\"wpcf7-contact-form-not-found\"><strong>Error:<\/strong> Contact form not found.<\/p>\n<\/div>\n","protected":false},"excerpt":{"rendered":"<p>Inmigraci\u00f3n EL OBJETIVO PRINCIPAL DE NUESTRA FIRMA ES PROPORCIONAR REPRESENTACI\u00d3N AGRESIVA Y EXPERTA LEGAL CON INTEGRIDAD EN LOS SIGUIENTES ASUNTOS: Defensa de Deportaci\u00f3n ALIVIO LEGAL PARA RESIDENTES PERMANENTES EN PELIGRO DE DEPORTACI\u00d3N Aunque usted tenga un estatus como residente permanente legal en los Estados Unidos, todav\u00eda puede ser removido del pa\u00eds. Si usted tiene y &hellip; <a href=\"https:\/\/www.cimalawgroup.com\/es\/immigration-attorney-phoenix\/deportation-defense\/\" class=\"more-link\">Continue reading<span class=\"screen-reader-text\"> &#8220;Defensa de Deportaci\u00f3n&#8221;<\/span><\/a><\/p>\n","protected":false},"author":1,"featured_media":0,"parent":617,"menu_order":0,"comment_status":"closed","ping_status":"closed","template":"template-parts\/spanish.php","meta":{"footnotes":""},"class_list":["post-628","page","type-page","status-publish","hentry"],"translation":{"provider":"WPGlobus","version":"3.0.0","language":"es","enabled_languages":["en","es"],"languages":{"en":{"title":true,"content":true,"excerpt":false},"es":{"title":true,"content":true,"excerpt":false}}},"_links":{"self":[{"href":"https:\/\/www.cimalawgroup.com\/es\/wp-json\/wp\/v2\/pages\/628","targetHints":{"allow":["GET"]}}],"collection":[{"href":"https:\/\/www.cimalawgroup.com\/es\/wp-json\/wp\/v2\/pages"}],"about":[{"href":"https:\/\/www.cimalawgroup.com\/es\/wp-json\/wp\/v2\/types\/page"}],"author":[{"embeddable":true,"href":"https:\/\/www.cimalawgroup.com\/es\/wp-json\/wp\/v2\/users\/1"}],"replies":[{"embeddable":true,"href":"https:\/\/www.cimalawgroup.com\/es\/wp-json\/wp\/v2\/comments?post=628"}],"version-history":[{"count":0,"href":"https:\/\/www.cimalawgroup.com\/es\/wp-json\/wp\/v2\/pages\/628\/revisions"}],"up":[{"embeddable":true,"href":"https:\/\/www.cimalawgroup.com\/es\/wp-json\/wp\/v2\/pages\/617"}],"wp:attachment":[{"href":"https:\/\/www.cimalawgroup.com\/es\/wp-json\/wp\/v2\/media?parent=628"}],"curies":[{"name":"wp","href":"https:\/\/api.w.org\/{rel}","templated":true}]}}