{"id":626,"date":"2020-07-09T11:49:07","date_gmt":"2020-07-09T11:49:07","guid":{"rendered":"https:\/\/www.cimalawgroup.com\/?page_id=626"},"modified":"2021-01-08T07:25:10","modified_gmt":"2021-01-08T07:25:10","slug":"deportation-defense-strategy","status":"publish","type":"page","link":"https:\/\/www.cimalawgroup.com\/es\/immigration-attorney-phoenix\/deportation-defense-strategy\/","title":{"rendered":"ESTRATEGIA DE DEFENSA DE DEPORTACI\u00d3N: CANCELACI\u00d3N DE REMOCI\u00d3N"},"content":{"rendered":"<div class=\"family_immi\">\n<div class=\"family_left\">\n<img decoding=\"async\" src=\"https:\/\/www.cimalawgroup.com\/wp-content\/uploads\/2020\/07\/immigration-icon.png\" alt=\"\" width=\"161\" height=\"161\" class=\"alignnone size-full wp-image-124\" \/><\/p>\n<h2>Inmigraci\u00f3n<\/h2>\n<\/div>\n<div class=\"family_right\">\n<h3>EL OBJETIVO PRINCIPAL DE NUESTRA FIRMA ES PROPORCIONAR REPRESENTACI\u00d3N AGRESIVA Y EXPERTA LEGAL CON INTEGRIDAD EN LOS SIGUIENTES ASUNTOS:<\/h3>\n<\/div>\n<\/div>\n<div class=\"family_immi2 immi_pages\">\n<h1 class=\"family_bold\">ESTRATEGIA DE DEFENSA DE DEPORTACI\u00d3N: CANCELACI\u00d3N DE REMOCI\u00d3N<\/h1>\n<p>Una de las defensas disponibles para usted durante un proceso de deportaci\u00f3n se llama Cancelaci\u00f3n de Remoci\u00f3n. Su mejor oportunidad para evitar la deportaci\u00f3n puede ser contratar a un asesor legal experimentado. Nuestro personal legal tiene una amplia experiencia en la defensa de los clientes durante los procedimientos de deportaci\u00f3n para ayudarlos a permanecer en el pa\u00eds. Durante los procedimientos, podemos solicitar una Cancelaci\u00f3n de Deportaci\u00f3n para los residentes no permanentes.<\/p>\n<h4>Para ser elegible para la cancelaci\u00f3n de deportaci\u00f3n, debe establecer ante el juez que:<\/h4>\n<ul>\n<li>-Ha vivido f\u00edsicamente en los EE.UU.de forma continua durante los 10 a\u00f1os previos a recibir el aviso para presentarse en la corte de inmigraci\u00f3n<\/li>\n<li>-Durante el per\u00edodo de 10 a\u00f1os, no pudo haber estado fuera del pa\u00eds por m\u00e1s de 180 d\u00edas, y un viaje no pudo haber durado m\u00e1s de 90 d\u00edas <\/li>\n<li>-Ha demostrado un buen car\u00e1cter moral en ese per\u00edodo de 10 a\u00f1os <\/li>\n<li>-No tiene condenas por delitos graves (delitos de drogas, robo, violencia dom\u00e9stica)<\/li>\n<li>-Su deportaci\u00f3n causar\u00eda dificultades excepcionales y extremadamente inusuales para su esposo\/esposa, padre o hijo que reside legalmente en los EE.UU.<\/li>\n<\/ul>\n<h4>PROVEER PRUEBAS DE BUEN CAR\u00c1CTER MORAL<\/h4>\n<p>El abogado defensor de deportaci\u00f3n de CIMALawGroup proporcionar\u00e1 evidencia durante el procedimiento para demostrarle al juez de inmigraci\u00f3n que usted cumple con todos los requisitos legales para una cancelaci\u00f3n de deportaci\u00f3n. Un juez de inmigraci\u00f3n tiene plena discreci\u00f3n para negarle o otorgarle alivio a trav\u00e9s de la cancelaci\u00f3n de deportaci\u00f3n. Si el juez toma una decisi\u00f3n a su favor, obtendr\u00e1 el estatus de Residente Permanente Legal (LPR) y se le permitir\u00e1 permanecer en los Estados Unidos. Tambi\u00e9n tiene derecho a apelar la decisi\u00f3n del juez de inmigraci\u00f3n ante elConsejo de Apelaciones de Inmigraci\u00f3n.<\/p>\n<\/div>\n<div class=\"cimcon_form\">\n<h2>SOLICITAR UNA CONSULTA<\/h2>\n<div class=\"line\"><\/div>\n<p class=\"wpcf7-contact-form-not-found\"><strong>Error:<\/strong> Contact form not found.<\/p><\/div>\n","protected":false},"excerpt":{"rendered":"<p>Inmigraci\u00f3n EL OBJETIVO PRINCIPAL DE NUESTRA FIRMA ES PROPORCIONAR REPRESENTACI\u00d3N AGRESIVA Y EXPERTA LEGAL CON INTEGRIDAD EN LOS SIGUIENTES ASUNTOS: ESTRATEGIA DE DEFENSA DE DEPORTACI\u00d3N: CANCELACI\u00d3N DE REMOCI\u00d3N Una de las defensas disponibles para usted durante un proceso de deportaci\u00f3n se llama Cancelaci\u00f3n de Remoci\u00f3n. Su mejor oportunidad para evitar la deportaci\u00f3n puede ser contratar &hellip; <a href=\"https:\/\/www.cimalawgroup.com\/es\/immigration-attorney-phoenix\/deportation-defense-strategy\/\" class=\"more-link\">Continue reading<span class=\"screen-reader-text\"> &#8220;ESTRATEGIA DE DEFENSA DE DEPORTACI\u00d3N: CANCELACI\u00d3N DE REMOCI\u00d3N&#8221;<\/span><\/a><\/p>\n","protected":false},"author":1,"featured_media":0,"parent":617,"menu_order":0,"comment_status":"closed","ping_status":"closed","template":"template-parts\/spanish.php","meta":{"footnotes":""},"class_list":["post-626","page","type-page","status-publish","hentry"],"translation":{"provider":"WPGlobus","version":"3.0.0","language":"es","enabled_languages":["en","es"],"languages":{"en":{"title":true,"content":true,"excerpt":false},"es":{"title":true,"content":true,"excerpt":false}}},"_links":{"self":[{"href":"https:\/\/www.cimalawgroup.com\/es\/wp-json\/wp\/v2\/pages\/626","targetHints":{"allow":["GET"]}}],"collection":[{"href":"https:\/\/www.cimalawgroup.com\/es\/wp-json\/wp\/v2\/pages"}],"about":[{"href":"https:\/\/www.cimalawgroup.com\/es\/wp-json\/wp\/v2\/types\/page"}],"author":[{"embeddable":true,"href":"https:\/\/www.cimalawgroup.com\/es\/wp-json\/wp\/v2\/users\/1"}],"replies":[{"embeddable":true,"href":"https:\/\/www.cimalawgroup.com\/es\/wp-json\/wp\/v2\/comments?post=626"}],"version-history":[{"count":0,"href":"https:\/\/www.cimalawgroup.com\/es\/wp-json\/wp\/v2\/pages\/626\/revisions"}],"up":[{"embeddable":true,"href":"https:\/\/www.cimalawgroup.com\/es\/wp-json\/wp\/v2\/pages\/617"}],"wp:attachment":[{"href":"https:\/\/www.cimalawgroup.com\/es\/wp-json\/wp\/v2\/media?parent=626"}],"curies":[{"name":"wp","href":"https:\/\/api.w.org\/{rel}","templated":true}]}}