{"id":624,"date":"2020-07-09T11:46:02","date_gmt":"2020-07-09T11:46:02","guid":{"rendered":"https:\/\/www.cimalawgroup.com\/?page_id=624"},"modified":"2021-01-08T07:24:55","modified_gmt":"2021-01-08T07:24:55","slug":"cancellation-of-removal-for-non-permanent-residents","status":"publish","type":"page","link":"https:\/\/www.cimalawgroup.com\/es\/immigration-attorney-phoenix\/cancellation-of-removal-for-non-permanent-residents\/","title":{"rendered":"CANCELACI\u00d3N DE REMOCI\u00d3N PARA RESIDENTES NO PERMANENTES"},"content":{"rendered":"<div class=\"family_immi\">\n<div class=\"family_left\">\n<img decoding=\"async\" src=\"https:\/\/www.cimalawgroup.com\/wp-content\/uploads\/2020\/07\/immigration-icon.png\" alt=\"\" width=\"161\" height=\"161\" class=\"alignnone size-full wp-image-124\" \/><\/p>\n<h2>Inmigraci\u00f3n<\/h2>\n<\/div>\n<div class=\"family_right\">\n<h3>EL OBJETIVO PRINCIPAL DE NUESTRA FIRMA ES PROPORCIONAR REPRESENTACI\u00d3N AGRESIVA Y EXPERTA LEGAL CON INTEGRIDAD EN LOS SIGUIENTES ASUNTOS:<\/h3>\n<\/div>\n<\/div>\n<div class=\"family_immi2 immi_pages\">\n<h1 class=\"family_bold\">CANCELACI\u00d3N DE REMOCI\u00d3N PARA RESIDENTES NO PERMANENTES<\/h1>\n<h4>DERECHOS DE DEBIDO PROCESO PARA NACIONALES EXTRANJEROS QUE ENFRENTAN DEPORTACI\u00d3N<\/h4>\n<p>CIMALawGroup tiene un excelente historial de proporcionar defensa de deportaci\u00f3n integral y efectiva para inmigrantes no permanentes que enfrentan procedimientos de deportaci\u00f3n en las cortes de inmigraci\u00f3n. Si usted es un ciudadano extranjero que ha sido detenido por Oficiales de Inmigraci\u00f3n (ICE) por estar ilegalmente en el pa\u00eds, en la mayor\u00eda de los casos no ser\u00e1 deportado autom\u00e1ticamente del pa\u00eds. La Ley de Inmigraci\u00f3n y Nacionalidad le otorga derechos de debido proceso. Tiene derecho a presentarse ante un juez de inmigraci\u00f3n durante un proceso de deportaci\u00f3n. El juez evaluar\u00e1 la evidencia presentada por usted y por ICE antes de tomar su decisi\u00f3n.<\/p>\n<\/div>\n<div class=\"cimcon_form\">\n<h2>SOLICITAR UNA CONSULTA<\/h2>\n<div class=\"line\"><\/div>\n<p class=\"wpcf7-contact-form-not-found\"><strong>Error:<\/strong> Contact form not found.<\/p><\/div>\n","protected":false},"excerpt":{"rendered":"<p>Inmigraci\u00f3n EL OBJETIVO PRINCIPAL DE NUESTRA FIRMA ES PROPORCIONAR REPRESENTACI\u00d3N AGRESIVA Y EXPERTA LEGAL CON INTEGRIDAD EN LOS SIGUIENTES ASUNTOS: CANCELACI\u00d3N DE REMOCI\u00d3N PARA RESIDENTES NO PERMANENTES DERECHOS DE DEBIDO PROCESO PARA NACIONALES EXTRANJEROS QUE ENFRENTAN DEPORTACI\u00d3N CIMALawGroup tiene un excelente historial de proporcionar defensa de deportaci\u00f3n integral y efectiva para inmigrantes no permanentes que &hellip; <a href=\"https:\/\/www.cimalawgroup.com\/es\/immigration-attorney-phoenix\/cancellation-of-removal-for-non-permanent-residents\/\" class=\"more-link\">Continue reading<span class=\"screen-reader-text\"> &#8220;CANCELACI\u00d3N DE REMOCI\u00d3N PARA RESIDENTES NO PERMANENTES&#8221;<\/span><\/a><\/p>\n","protected":false},"author":1,"featured_media":0,"parent":617,"menu_order":0,"comment_status":"closed","ping_status":"closed","template":"template-parts\/spanish.php","meta":{"footnotes":""},"class_list":["post-624","page","type-page","status-publish","hentry"],"translation":{"provider":"WPGlobus","version":"3.0.0","language":"es","enabled_languages":["en","es"],"languages":{"en":{"title":true,"content":true,"excerpt":false},"es":{"title":true,"content":true,"excerpt":false}}},"_links":{"self":[{"href":"https:\/\/www.cimalawgroup.com\/es\/wp-json\/wp\/v2\/pages\/624","targetHints":{"allow":["GET"]}}],"collection":[{"href":"https:\/\/www.cimalawgroup.com\/es\/wp-json\/wp\/v2\/pages"}],"about":[{"href":"https:\/\/www.cimalawgroup.com\/es\/wp-json\/wp\/v2\/types\/page"}],"author":[{"embeddable":true,"href":"https:\/\/www.cimalawgroup.com\/es\/wp-json\/wp\/v2\/users\/1"}],"replies":[{"embeddable":true,"href":"https:\/\/www.cimalawgroup.com\/es\/wp-json\/wp\/v2\/comments?post=624"}],"version-history":[{"count":0,"href":"https:\/\/www.cimalawgroup.com\/es\/wp-json\/wp\/v2\/pages\/624\/revisions"}],"up":[{"embeddable":true,"href":"https:\/\/www.cimalawgroup.com\/es\/wp-json\/wp\/v2\/pages\/617"}],"wp:attachment":[{"href":"https:\/\/www.cimalawgroup.com\/es\/wp-json\/wp\/v2\/media?parent=624"}],"curies":[{"name":"wp","href":"https:\/\/api.w.org\/{rel}","templated":true}]}}