{"id":617,"date":"2020-07-09T11:35:36","date_gmt":"2020-07-09T11:35:36","guid":{"rendered":"https:\/\/www.cimalawgroup.com\/?page_id=617"},"modified":"2025-10-11T11:00:28","modified_gmt":"2025-10-11T11:00:28","slug":"immigration-attorney-phoenix","status":"publish","type":"page","link":"https:\/\/www.cimalawgroup.com\/es\/immigration-attorney-phoenix\/","title":{"rendered":"ABOGADOS DE INMIGRACI\u00d3N EN PHOENIX"},"content":{"rendered":"<div class=\"Cim_migration\">\n<div class=\"Cim_migration_left\">\n<p><img decoding=\"async\" class=\"alignnone size-full wp-image-124\" title=\"immigration lawyer phoenix az\" src=\"https:\/\/www.cimalawgroup.com\/wp-content\/uploads\/2020\/10\/Photo-for-immigration-page.png\" alt=\"immigration lawyer phoenix az\" \/><\/p>\n<\/div>\n<div class=\"Cim_migration_right\">\n<h3>EL OBJECTIVO PRINCIPAL DE NUESTRA FIRMA DE ABOGADOS ES PROPORCIONAR UNA REPRESENTACI\u00d3N EXPERTA Y AGRESIVA LEGAL CON INTEGRIDAD.<\/h3>\n<h2 class=\"immi\">ABOGADOS DE INMIGRACI\u00d3N EN PHOENIX<\/h2>\n<\/div>\n<\/div>\n<div class=\"immi_bttnblock\">\n<div class=\"page-left\">\n<div class=\"Ci_migration\">\n<h2>Mejores Abogados de Inmigraci\u00f3n<\/h2>\n<p>Oficiales de Inmigraci\u00f3n (ICE) \u2013 la agencia de investigaciones m\u00e1s grande del Departamento de Seguridad Nacional tiene la autoridad de detener o arrestar a alguien por asuntos relacionados con la inmigraci\u00f3n. Si esto le sucede a usted o a un ser querido, necesita una representaci\u00f3n legal r\u00e1pida de un abogado de inmigraci\u00f3n. Encontrar un buen abogado de inmigraci\u00f3n en Phoenix o uno de los mejores abogados de inmigraci\u00f3n en los EE.UU. es cr\u00edtico. CIMA LawGroup tiene una de las mejores reputaciones para ayudar a las personas que buscan la libertad de detenci\u00f3n. Nuestros abogados de inmigraci\u00f3n pueden presentar mociones legales en su nombre para ayudarle a ganar salir de la custodia u obtener una fianza razonable. Adem\u00e1s, hay varios otros servicios de inmigraci\u00f3n ofrecidos por abogados profesionales.<\/p>\n<h2>Preguntas cruciales para hacerle a un abogado de inmigraci\u00f3n en EE.UU.<\/h2>\n<p>Hacer las preguntas correctas puede ayudarle a determinar si el abogado de inmigraci\u00f3n en EE.UU. que se supone que debe contratar puede superar con \u00e9xito la complicaci\u00f3n de su caso. Para asegurarse de que usted est\u00e1 contratando al abogado de inmigraci\u00f3n adecuado que tiene los conocimientos y habilidades necesarias para su caso, es clave que haga las siguientes preguntas:<\/p>\n<ul>\n<li><strong> \u00bfTiene experiencia con casos de inmigraci\u00f3n?<\/strong><\/li>\n<\/ul>\n<p>La ley de inmigraci\u00f3n de Estados Unidos es complicada. Esto significa que usted necesita buscar un abogado de inmigraci\u00f3n con experiencia que pueda manejar la complicaci\u00f3n de su caso con sus a\u00f1os exitosos de experiencia.<\/p>\n<ul>\n<li><strong> \u00bfQu\u00e9 \u00e9xito ha tenido en casos de inmigraci\u00f3n?<\/strong><\/li>\n<\/ul>\n<p>Esta es una pregunta muy importante. El historial de un abogado experimentado en inmigraci\u00f3n le dar\u00e1 una idea de su potencial para lograr el \u00e9xito. Un abogado que ha manejado muchos casos de inmigraci\u00f3n exitosos es una excelente opci\u00f3n para su caso.<\/p>\n<ul>\n<li><strong> \u00bfPrestar\u00e1s atenci\u00f3n a mi caso en todo momento?<\/strong><\/li>\n<\/ul>\n<p>Asuntos de inmigraci\u00f3n es algo que ocupa mucho tiempo. Un abogado exitoso de inmigraci\u00f3n puede tener una gran cantidad de casos para manejar a la vez. Esto les dificulta prestar atenci\u00f3n espec\u00edfica a su caso. Antes de contratar a un abogado, preg\u00fantele si podr\u00e1 prestar atenci\u00f3n personalizada a su caso.<\/p>\n<p>Estas son algunas preguntas cruciales que necesita hacer para obtener la asistencia del abogado de inmigraci\u00f3n m\u00e1s calificado y exitoso para su caso.<\/p>\n<p>Mientras que usted puede elegir cualquier abogado de inmigraci\u00f3n en Phoenix, CIMA LawGroup tiene los mejores abogados de inmigraci\u00f3n en el Valle. La ley de inmigraci\u00f3n de los Estados Unidos es compleja y requiere el mejor abogado de inmigraci\u00f3n posible para manejar su caso. Los procesos de inmigraci\u00f3n pueden tomar tiempo y requierenal mejor abogado de inmigraci\u00f3n posible.<\/p>\n<h2>Ayuda y servicios de inmigraci\u00f3n ofrecidos por abogados profesionales de inmigraci\u00f3n en Phoenix, AZ<\/h2>\n<p>El objetivo de nuestra firma es proporcionar una representaci\u00f3n experta y agresiva legal con integridad en todos los asuntos de inmigraci\u00f3n. Nuestros abogados profesionales de inmigraci\u00f3n en Phoenix, AZ han estado ofreciendo una amplia variedad de servicios que incluyen:<\/p>\n<ul>\n<li>Inmigraci\u00f3n Basada en Inversiones e Inmigraci\u00f3n Basada en el Empleo;<\/li>\n<li><strong><a href=\"https:\/\/www.cimalawgroup.com\/family-based-petitions\/\">Inmigraci\u00f3nBasada en la Familia <\/a><\/strong> y <strong><a href=\"https:\/\/www.cimalawgroup.com\/immigration-attorney\/deportation-defense\/\">Deportaci\u00f3n;<\/a><\/strong><\/li>\n<li><strong><a href=\"https:\/\/www.cimalawgroup.com\/immigration-attorney\/citizenship\/\">Ciudadan\u00eda y Naturalizaci\u00f3n<\/a><\/strong> y Adopci\u00f3n Internacional;<\/li>\n<li><strong><a href=\"https:\/\/www.cimalawgroup.com\/family-based-petitions\/\">Peticiones Basadas en la Familia <\/a><\/strong>, <strong><a href=\"https:\/\/www.cimalawgroup.com\/provisional-unlawful-presence-waivers\/\">Exenciones Provisionales de Presencia Ilegal <\/a><\/strong> y <strong><a href=\"https:\/\/www.cimalawgroup.com\/tourist-visas\/\">Visas de Turista <\/a><\/strong>;<\/li>\n<li><strong><a href=\"https:\/\/www.cimalawgroup.com\/legal-permanent-residency\/\">Residencia PermanenteLegal <\/a><\/strong>, <a href=\"https:\/\/www.cimalawgroup.com\/immigration\/citizenship\/\">Ciudadan\u00eda Estadounidense <\/a> y <a href=\"https:\/\/www.cimalawgroup.com\/immigration-attorney\/derivative-citizenship\/\">Ciudadan\u00eda Derivada;<\/a><\/li>\n<li><strong><a href=\"https:\/\/www.cimalawgroup.com\/immigration-attorney\/u-visa\/\">V\u00edctimas de Actividad Criminal (Visa U)<\/a><\/strong>, <strong><a href=\"https:\/\/www.cimalawgroup.com\/immigration-attorney\/immigration-bonds\/\">Bonos de Inmigraci\u00f3n <\/a><\/strong> y <strong><a href=\"https:\/\/www.cimalawgroup.com\/immigration-attorney\/deportation-defense\/ \">Defensa de Deportaci\u00f3n;<\/a><\/strong><\/li>\n<li><strong><a href=\"https:\/\/www.cimalawgroup.com\/cancellation-of-removal-for-non-permanent-residents\/\">Cancelaci\u00f3n de la Remoci\u00f3n para Residentes no Permanentes <\/a><\/strong> y <strong><a href=\"https:\/\/www.cimalawgroup.com\/deportation-defense-strategy\/\">Estrategia de Defensa de Deportaci\u00f3n;<\/a><\/strong><\/li>\n<li><strong><a href=\"https:\/\/www.cimalawgroup.com\/immigration\/voluntary-departure\/\">Salida Voluntaria <\/a><\/strong>, <strong><a href=\"https:\/\/www.cimalawgroup.com\/immigration-attorney\/immigration-appeals\/\">Apelaciones de Inmigraci\u00f3n <\/a><\/strong> y <strong><a href=\"https:\/\/www.cimalawgroup.com\/freedom-of-information-act\/\">Acto de Libertad de Informaci\u00f3n.<\/a><\/strong><\/li>\n<\/ul>\n<p>Despu\u00e9s hacer una cita, trabajaremos la mejor estrategia para su caso. Nuestros abogados de inmigraci\u00f3n en Phoenix tienen a\u00f1os de experiencia y un historial probado de ofrecer las mejores soluciones. En CIMA LawGroup, ofrecemos consultas gratuitas. Sabemos que los casos de inmigraci\u00f3n son complejos y el menor descuido puede tener consecuencias permanentes. Tenemos un historial comprobado de manejo de miles de casos de extracci\u00f3n y casos familiares. Ll\u00e1menos de inmediato para casos de custodia y casos relacionados con procedimientos de deportaci\u00f3n.<\/p>\n<\/div>\n<\/div>\n<div class=\"page-right\">\n<div class=\"Ciblock_migration\">\n<ul>\n<li><a href=\"https:\/\/www.cimalawgroup.com\/immigration\/family-based-petitions\/\">Peticiones Basadas en Familia<\/a><\/li>\n<li><a href=\"https:\/\/www.cimalawgroup.com\/immigration\/provisional-unlawful-presence-waivers\/\">Exenciones Provisionales de Presencia Ilegal<\/a><\/li>\n<li><a href=\"https:\/\/www.cimalawgroup.com\/immigration\/tourist-visas\/\">Visas de Turistas<\/a><\/li>\n<li><a href=\"https:\/\/www.cimalawgroup.com\/immigration\/legal-permanent-residency\/\">Residencia Permanente Legal<\/a><\/li>\n<li><a href=\"https:\/\/www.cimalawgroup.com\/immigration\/citizenship\/\">Ciudadan\u00eda y Naturalizaci\u00f3n Estadounidense<\/a><\/li>\n<li><a href=\"https:\/\/www.cimalawgroup.com\/immigration\/derivative-citizenship\/\">Ciudadan\u00eda Derivativa<\/a><\/li>\n<li><a href=\"https:\/\/www.cimalawgroup.com\/immigration\/u-visa\/\">V\u00edctimas de Actividad Criminal (Visa U)<\/a><\/li>\n<li><a href=\"https:\/\/www.cimalawgroup.com\/immigration\/immigration-bonds\/\">Bonos de Inmigraci\u00f3n<\/a><\/li>\n<li><a href=\"https:\/\/www.cimalawgroup.com\/immigration\/deportation-defense\/\">Defensa de Deportaci\u00f3n<\/a><\/li>\n<li><a href=\"https:\/\/www.cimalawgroup.com\/immigration\/cancellation-of-removal-for-non-permanent-residents\/\">Cancelaci\u00f3n de Remoci\u00f3n para Residentes no Permanentes<\/a><\/li>\n<li><a href=\"https:\/\/www.cimalawgroup.com\/immigration\/voluntary-departure\/\">Salida Voluntaria<\/a><\/li>\n<li><a href=\"https:\/\/www.cimalawgroup.com\/immigration\/immigration-appeals\/\">Apelaciones de Inmigraci\u00f3n<\/a><\/li>\n<li><a href=\"https:\/\/www.cimalawgroup.com\/immigration\/freedom-of-information-act\/\">Acta de Libertad de Informaci\u00f3n<\/a><\/li>\n<\/ul>\n<\/div>\n<\/div>\n<\/div>\n","protected":false},"excerpt":{"rendered":"<p>EL OBJECTIVO PRINCIPAL DE NUESTRA FIRMA DE ABOGADOS ES PROPORCIONAR UNA REPRESENTACI\u00d3N EXPERTA Y AGRESIVA LEGAL CON INTEGRIDAD. ABOGADOS DE INMIGRACI\u00d3N EN PHOENIX Mejores Abogados de Inmigraci\u00f3n Oficiales de Inmigraci\u00f3n (ICE) \u2013 la agencia de investigaciones m\u00e1s grande del Departamento de Seguridad Nacional tiene la autoridad de detener o arrestar a alguien por asuntos relacionados &hellip; <a href=\"https:\/\/www.cimalawgroup.com\/es\/immigration-attorney-phoenix\/\" class=\"more-link\">Continue reading<span class=\"screen-reader-text\"> &#8220;ABOGADOS DE INMIGRACI\u00d3N EN PHOENIX&#8221;<\/span><\/a><\/p>\n","protected":false},"author":1,"featured_media":0,"parent":0,"menu_order":0,"comment_status":"closed","ping_status":"closed","template":"template-parts\/immigration.php","meta":{"footnotes":""},"class_list":["post-617","page","type-page","status-publish","hentry"],"translation":{"provider":"WPGlobus","version":"3.0.0","language":"es","enabled_languages":["en","es"],"languages":{"en":{"title":true,"content":true,"excerpt":false},"es":{"title":true,"content":true,"excerpt":false}}},"_links":{"self":[{"href":"https:\/\/www.cimalawgroup.com\/es\/wp-json\/wp\/v2\/pages\/617","targetHints":{"allow":["GET"]}}],"collection":[{"href":"https:\/\/www.cimalawgroup.com\/es\/wp-json\/wp\/v2\/pages"}],"about":[{"href":"https:\/\/www.cimalawgroup.com\/es\/wp-json\/wp\/v2\/types\/page"}],"author":[{"embeddable":true,"href":"https:\/\/www.cimalawgroup.com\/es\/wp-json\/wp\/v2\/users\/1"}],"replies":[{"embeddable":true,"href":"https:\/\/www.cimalawgroup.com\/es\/wp-json\/wp\/v2\/comments?post=617"}],"version-history":[{"count":3,"href":"https:\/\/www.cimalawgroup.com\/es\/wp-json\/wp\/v2\/pages\/617\/revisions"}],"predecessor-version":[{"id":1936,"href":"https:\/\/www.cimalawgroup.com\/es\/wp-json\/wp\/v2\/pages\/617\/revisions\/1936"}],"wp:attachment":[{"href":"https:\/\/www.cimalawgroup.com\/es\/wp-json\/wp\/v2\/media?parent=617"}],"curies":[{"name":"wp","href":"https:\/\/api.w.org\/{rel}","templated":true}]}}